{"id":13280,"date":"2024-06-03T15:55:01","date_gmt":"2024-06-03T15:55:01","guid":{"rendered":"https:\/\/dallai.krescendo.it\/whistleblowing\/"},"modified":"2025-03-25T09:20:14","modified_gmt":"2025-03-25T09:20:14","slug":"whistleblowing","status":"publish","type":"page","link":"https:\/\/www.dallai.it\/pl\/whistleblowing\/","title":{"rendered":"Whistleblowing"},"content":{"rendered":"\t\t<div data-elementor-type=\"wp-page\" data-elementor-id=\"13280\" class=\"elementor elementor-13280 elementor-9895\" data-elementor-post-type=\"page\">\n\t\t\t\t\t\t<section class=\"elementor-section elementor-top-section elementor-element elementor-element-c8fd476 elementor-section-boxed elementor-section-height-default elementor-section-height-default\" data-id=\"c8fd476\" data-element_type=\"section\" data-e-type=\"section\" data-settings=\"{&quot;background_background&quot;:&quot;video&quot;,&quot;background_video_link&quot;:&quot;https:\\\/\\\/vimeo.com\\\/390999092&quot;,&quot;background_video_start&quot;:20,&quot;background_play_on_mobile&quot;:&quot;yes&quot;}\">\n\t\t\t\t\t\t\t\t<div class=\"elementor-background-video-container\">\n\t\t\t\t\t\t\t\t\t\t\t\t\t<div class=\"elementor-background-video-embed\" role=\"presentation\"><\/div>\n\t\t\t\t\t\t\t\t\t\t\t\t<\/div>\n\t\t\t\t\t\t\t\t\t<div class=\"elementor-background-overlay\"><\/div>\n\t\t\t\t\t\t\t<div class=\"elementor-container elementor-column-gap-default\">\n\t\t\t\t\t<div class=\"elementor-column elementor-col-100 elementor-top-column elementor-element elementor-element-108eb94\" data-id=\"108eb94\" data-element_type=\"column\" data-e-type=\"column\">\n\t\t\t<div class=\"elementor-widget-wrap elementor-element-populated\">\n\t\t\t\t\t\t<div class=\"elementor-element elementor-element-12c7c39 elementor-widget__width-initial elementor-widget elementor-widget-hub_fancy_heading\" data-id=\"12c7c39\" data-element_type=\"widget\" data-e-type=\"widget\" data-widget_type=\"hub_fancy_heading.default\">\n\t\t\t\t<div class=\"elementor-widget-container\">\n\t\t\t\t\t\n\t\t<div id=\"ld-fancy-heading-69d533ebc6ed8\" class=\"ld-fancy-heading pos-rel\">\n\t\t\t<h1 class=\"ld-fh-element d-inline-block pos-rel  elementor-heading-title lqd-highlight-classic lqd-highlight-grow-left h1\"  > Zg\u0142aszanie nieprawid\u0142owo\u015bci<\/h1>\t\t<\/div>\n\n\t\t\t\t\t\t<\/div>\n\t\t\t\t<\/div>\n\t\t\t\t\t<\/div>\n\t\t<\/div>\n\t\t\t\t\t<\/div>\n\t\t<\/section>\n\t\t<div class=\"elementor-element elementor-element-423b401 e-flex e-con-boxed e-con e-parent\" data-id=\"423b401\" data-element_type=\"container\" data-e-type=\"container\">\n\t\t\t\t\t<div class=\"e-con-inner\">\n\t\t\t\t<div class=\"elementor-element elementor-element-a617829 elementor-widget elementor-widget-text-editor\" data-id=\"a617829\" data-element_type=\"widget\" data-e-type=\"widget\" data-widget_type=\"text-editor.default\">\n\t\t\t\t<div class=\"elementor-widget-container\">\n\t\t\t\t\t\t\t\t\t<p class=\"p1\">Kana\u0142 <span class=\"s1\"><a href=\"https:\/\/areariservata.mygovernance.it\/#!\/WB\/dallai-ernesto\"><b>informowania o nieprawid\u0142owo\u015bciach<\/b><\/a><\/span><\/p><p class=\"p1\">Dallai to narz\u0119dzie, kt\u00f3re umo\u017cliwia pracownikom, wsp\u00f3\u0142pracownikom i dostawcom anonimowe i bezpieczne zg\u0142aszanie wszelkich narusze\u0144 kodeksu etyki, zasad wewn\u0119trznych lub prawa przez firm\u0119 lub jej przedstawicieli. \u00a0<\/p><p class=\"p1\">Kana\u0142 informowania o nieprawid\u0142owo\u015bciach jest okazj\u0105 do przyczynienia si\u0119 do poprawy przejrzysto\u015bci, uczciwo\u015bci i odpowiedzialno\u015bci spo\u0142ecznej firmy.<\/p>\t\t\t\t\t\t\t\t<\/div>\n\t\t\t\t<\/div>\n\t\t\t\t<div class=\"elementor-element elementor-element-b751874 elementor-align-justify elementor-widget elementor-widget-ld_button\" data-id=\"b751874\" data-element_type=\"widget\" data-e-type=\"widget\" data-widget_type=\"ld_button.default\">\n\t\t\t\t<div class=\"elementor-widget-container\">\n\t\t\t\t\t\n\t\t\t<a\n\t\t\t\thref=\"https:\/\/areariservata.mygovernance.it\/#!\/WB\/dallai-ernesto\" target=\"_blank\"class=\"elementor-button btn btn-solid btn-icon-shaped btn-has-label\"\t\t\t>\n\t\t\t\t\t\t\t\t\t<span data-text=\"Zaloguj si\u0119 do platformy\" class=\"btn-txt\">\n\t\t\t\t\t\tZaloguj si\u0119 do platformy\t\t\t\t\t<\/span>\n\t\t\t\t\t\t\t\t\t\t\t<\/a>\n\t\t\t\t\t\t\t<\/div>\n\t\t\t\t<\/div>\n\t\t\t\t\t<\/div>\n\t\t\t\t<\/div>\n\t\t\t\t<\/div>\n\t\t","protected":false},"excerpt":{"rendered":"<p>Zg\u0142aszanie nieprawid\u0142owo\u015bci Kana\u0142 informowania o nieprawid\u0142owo\u015bciach Dallai to narz\u0119dzie, kt\u00f3re umo\u017cliwia pracownikom, wsp\u00f3\u0142pracownikom i dostawcom anonimowe i bezpieczne zg\u0142aszanie wszelkich narusze\u0144 kodeksu etyki, zasad wewn\u0119trznych lub prawa przez firm\u0119 lub jej przedstawicieli. \u00a0 Kana\u0142 informowania o nieprawid\u0142owo\u015bciach jest okazj\u0105 do przyczynienia si\u0119 do poprawy przejrzysto\u015bci, uczciwo\u015bci i odpowiedzialno\u015bci spo\u0142ecznej firmy. Zaloguj si\u0119 do platformy<\/p>\n","protected":false},"author":1,"featured_media":0,"parent":0,"menu_order":0,"comment_status":"closed","ping_status":"closed","template":"","meta":{"_acf_changed":false,"_vp_format_video_url":"","_vp_image_focal_point":[],"footnotes":""},"class_list":["post-13280","page","type-page","status-publish","hentry"],"acf":[],"_links":{"self":[{"href":"https:\/\/www.dallai.it\/pl\/wp-json\/wp\/v2\/pages\/13280","targetHints":{"allow":["GET"]}}],"collection":[{"href":"https:\/\/www.dallai.it\/pl\/wp-json\/wp\/v2\/pages"}],"about":[{"href":"https:\/\/www.dallai.it\/pl\/wp-json\/wp\/v2\/types\/page"}],"author":[{"embeddable":true,"href":"https:\/\/www.dallai.it\/pl\/wp-json\/wp\/v2\/users\/1"}],"replies":[{"embeddable":true,"href":"https:\/\/www.dallai.it\/pl\/wp-json\/wp\/v2\/comments?post=13280"}],"version-history":[{"count":0,"href":"https:\/\/www.dallai.it\/pl\/wp-json\/wp\/v2\/pages\/13280\/revisions"}],"wp:attachment":[{"href":"https:\/\/www.dallai.it\/pl\/wp-json\/wp\/v2\/media?parent=13280"}],"curies":[{"name":"wp","href":"https:\/\/api.w.org\/{rel}","templated":true}]}}