{"id":15160,"date":"2024-03-29T09:45:01","date_gmt":"2024-03-29T09:45:01","guid":{"rendered":"https:\/\/palevioletred-reindeer-921576.hostingersite.com\/product\/art-0203c\/"},"modified":"2025-04-23T14:47:39","modified_gmt":"2025-04-23T14:47:39","slug":"art-0203c","status":"publish","type":"product","link":"https:\/\/www.dallai.it\/pl\/produktu\/art-0203c\/","title":{"rendered":"Z\u0142\u0105czki Typ A"},"content":{"rendered":"<p>Dost\u0119pna \u015brednica:<\/p>\n<p>&#8211; 150<\/p>\n<p>&#8211; 200<\/p>\n<p>&#8211; 250<\/p>\n<p>&#8211; 300<\/p>\n<p>&nbsp;<\/p>\n","protected":false},"excerpt":{"rendered":"<p>M\u0119ska ocynkowana<\/p>\n","protected":false},"featured_media":15161,"template":"","meta":{"_acf_changed":false,"_vp_format_video_url":"","_vp_image_focal_point":[]},"product_brand":[],"product_cat":[105,82],"product_tag":[],"class_list":{"0":"post-15160","1":"product","2":"type-product","3":"status-publish","4":"has-post-thumbnail","6":"product_cat-zlacza-sferyczne-pl","7":"product_cat-typ-a-pl","9":"first","10":"instock","11":"featured","12":"shipping-taxable","13":"product-type-simple"},"acf":[],"_links":{"self":[{"href":"https:\/\/www.dallai.it\/pl\/wp-json\/wp\/v2\/product\/15160","targetHints":{"allow":["GET"]}}],"collection":[{"href":"https:\/\/www.dallai.it\/pl\/wp-json\/wp\/v2\/product"}],"about":[{"href":"https:\/\/www.dallai.it\/pl\/wp-json\/wp\/v2\/types\/product"}],"wp:featuredmedia":[{"embeddable":true,"href":"https:\/\/www.dallai.it\/pl\/wp-json\/wp\/v2\/media\/15161"}],"wp:attachment":[{"href":"https:\/\/www.dallai.it\/pl\/wp-json\/wp\/v2\/media?parent=15160"}],"wp:term":[{"taxonomy":"product_brand","embeddable":true,"href":"https:\/\/www.dallai.it\/pl\/wp-json\/wp\/v2\/product_brand?post=15160"},{"taxonomy":"product_cat","embeddable":true,"href":"https:\/\/www.dallai.it\/pl\/wp-json\/wp\/v2\/product_cat?post=15160"},{"taxonomy":"product_tag","embeddable":true,"href":"https:\/\/www.dallai.it\/pl\/wp-json\/wp\/v2\/product_tag?post=15160"}],"curies":[{"name":"wp","href":"https:\/\/api.w.org\/{rel}","templated":true}]}}