{"id":15240,"date":"2024-03-29T13:22:41","date_gmt":"2024-03-29T13:22:41","guid":{"rendered":"https:\/\/palevioletred-reindeer-921576.hostingersite.com\/product\/art-0232c-npt\/"},"modified":"2025-04-23T14:52:00","modified_gmt":"2025-04-23T14:52:00","slug":"art-0232c-npt","status":"publish","type":"product","link":"https:\/\/www.dallai.it\/pl\/produktu\/art-0232c-npt\/","title":{"rendered":"Bocznik Typ A"},"content":{"rendered":"<p>Dost\u0119pna \u015brednica:<\/p>\n<p>&#8211; 250&#215;4&#8243;<\/p>\n<p>&#8211; 300&#215;4&#8243;<\/p>\n","protected":false},"excerpt":{"rendered":"<p>Bocznik kulisty w kszta\u0142cie litery T z ocynkowanym kr\u00f3\u0107cem gwintowanym &#8220;NPT\u201d i gwintowan\u0105 pokryw\u0105<\/p>\n","protected":false},"featured_media":15241,"template":"","meta":{"_acf_changed":false,"_vp_format_video_url":"","_vp_image_focal_point":[]},"product_brand":[],"product_cat":[105,82],"product_tag":[],"class_list":{"0":"post-15240","1":"product","2":"type-product","3":"status-publish","4":"has-post-thumbnail","6":"product_cat-zlacza-sferyczne-pl","7":"product_cat-typ-a-pl","9":"first","10":"instock","11":"featured","12":"shipping-taxable","13":"product-type-simple"},"acf":[],"_links":{"self":[{"href":"https:\/\/www.dallai.it\/pl\/wp-json\/wp\/v2\/product\/15240","targetHints":{"allow":["GET"]}}],"collection":[{"href":"https:\/\/www.dallai.it\/pl\/wp-json\/wp\/v2\/product"}],"about":[{"href":"https:\/\/www.dallai.it\/pl\/wp-json\/wp\/v2\/types\/product"}],"wp:featuredmedia":[{"embeddable":true,"href":"https:\/\/www.dallai.it\/pl\/wp-json\/wp\/v2\/media\/15241"}],"wp:attachment":[{"href":"https:\/\/www.dallai.it\/pl\/wp-json\/wp\/v2\/media?parent=15240"}],"wp:term":[{"taxonomy":"product_brand","embeddable":true,"href":"https:\/\/www.dallai.it\/pl\/wp-json\/wp\/v2\/product_brand?post=15240"},{"taxonomy":"product_cat","embeddable":true,"href":"https:\/\/www.dallai.it\/pl\/wp-json\/wp\/v2\/product_cat?post=15240"},{"taxonomy":"product_tag","embeddable":true,"href":"https:\/\/www.dallai.it\/pl\/wp-json\/wp\/v2\/product_tag?post=15240"}],"curies":[{"name":"wp","href":"https:\/\/api.w.org\/{rel}","templated":true}]}}