{"id":15265,"date":"2024-03-29T14:11:12","date_gmt":"2024-03-29T14:11:12","guid":{"rendered":"https:\/\/palevioletred-reindeer-921576.hostingersite.com\/product\/art-0223c-1-en\/"},"modified":"2025-04-23T14:55:22","modified_gmt":"2025-04-23T14:55:22","slug":"art-0223c-1-en","status":"publish","type":"product","link":"https:\/\/www.dallai.it\/pl\/produktu\/art-0223c-1-en\/","title":{"rendered":"Ko\u0142nierz Typ A"},"content":{"rendered":"<p>Dost\u0119pna \u015brednica:<\/p>\n<p>&#8211; 150&#215;150<\/p>\n<p>&#8211; 200&#215;200<\/p>\n<p>&#8211; 250&#215;250<\/p>\n<p>&#8211; *300&#215;300<\/p>\n<p>&#8211; *400&#215;400<\/p>\n","protected":false},"excerpt":{"rendered":"<p>\u017be\u0144ski z ko\u0142nierzem *EN 1092-1 ocynkowany<\/p>\n","protected":false},"featured_media":15266,"template":"","meta":{"_acf_changed":false,"_vp_format_video_url":"","_vp_image_focal_point":[]},"product_brand":[],"product_cat":[105,82],"product_tag":[],"class_list":{"0":"post-15265","1":"product","2":"type-product","3":"status-publish","4":"has-post-thumbnail","6":"product_cat-zlacza-sferyczne-pl","7":"product_cat-typ-a-pl","9":"first","10":"instock","11":"featured","12":"shipping-taxable","13":"product-type-simple"},"acf":[],"_links":{"self":[{"href":"https:\/\/www.dallai.it\/pl\/wp-json\/wp\/v2\/product\/15265","targetHints":{"allow":["GET"]}}],"collection":[{"href":"https:\/\/www.dallai.it\/pl\/wp-json\/wp\/v2\/product"}],"about":[{"href":"https:\/\/www.dallai.it\/pl\/wp-json\/wp\/v2\/types\/product"}],"wp:featuredmedia":[{"embeddable":true,"href":"https:\/\/www.dallai.it\/pl\/wp-json\/wp\/v2\/media\/15266"}],"wp:attachment":[{"href":"https:\/\/www.dallai.it\/pl\/wp-json\/wp\/v2\/media?parent=15265"}],"wp:term":[{"taxonomy":"product_brand","embeddable":true,"href":"https:\/\/www.dallai.it\/pl\/wp-json\/wp\/v2\/product_brand?post=15265"},{"taxonomy":"product_cat","embeddable":true,"href":"https:\/\/www.dallai.it\/pl\/wp-json\/wp\/v2\/product_cat?post=15265"},{"taxonomy":"product_tag","embeddable":true,"href":"https:\/\/www.dallai.it\/pl\/wp-json\/wp\/v2\/product_tag?post=15265"}],"curies":[{"name":"wp","href":"https:\/\/api.w.org\/{rel}","templated":true}]}}