{"id":15301,"date":"2024-03-29T16:33:13","date_gmt":"2024-03-29T16:33:13","guid":{"rendered":"https:\/\/palevioletred-reindeer-921576.hostingersite.com\/product\/art-cgc-2\/"},"modified":"2025-04-23T14:57:28","modified_gmt":"2025-04-23T14:57:28","slug":"art-cgc-2","status":"publish","type":"product","link":"https:\/\/www.dallai.it\/pl\/produktu\/art-cgc-2\/","title":{"rendered":"Zaw\u00f3r denny Typ A"},"content":{"rendered":"<p>Dost\u0119pna \u015brednica:<\/p>\n<p>&#8211; 60<\/p>\n<p>&#8211; 80<\/p>\n<p>&#8211; 100<\/p>\n<p>&#8211; 120<\/p>\n<p>&#8211; 150<\/p>\n<p>&#8211; 200<\/p>\n<p>&#8211; 250<\/p>\n<p>&#8211; 300<\/p>\n<p>&#8211; 400<\/p>\n","protected":false},"excerpt":{"rendered":"<p class=\"p1\">Dzwon z prowadnic\u0105 klapy<\/p>\n","protected":false},"featured_media":15302,"template":"","meta":{"_acf_changed":false,"_vp_format_video_url":"","_vp_image_focal_point":[]},"product_brand":[],"product_cat":[134,82,109,86,84],"product_tag":[],"class_list":{"0":"post-15301","1":"product","2":"type-product","3":"status-publish","4":"has-post-thumbnail","6":"product_cat-typ-d-pl","7":"product_cat-typ-a-pl","8":"product_cat-zawor-denny-pl-typ-a-pl","9":"product_cat-typ-c-pl","10":"product_cat-typ-b-pl","12":"first","13":"instock","14":"featured","15":"shipping-taxable","16":"product-type-simple"},"acf":[],"_links":{"self":[{"href":"https:\/\/www.dallai.it\/pl\/wp-json\/wp\/v2\/product\/15301","targetHints":{"allow":["GET"]}}],"collection":[{"href":"https:\/\/www.dallai.it\/pl\/wp-json\/wp\/v2\/product"}],"about":[{"href":"https:\/\/www.dallai.it\/pl\/wp-json\/wp\/v2\/types\/product"}],"wp:featuredmedia":[{"embeddable":true,"href":"https:\/\/www.dallai.it\/pl\/wp-json\/wp\/v2\/media\/15302"}],"wp:attachment":[{"href":"https:\/\/www.dallai.it\/pl\/wp-json\/wp\/v2\/media?parent=15301"}],"wp:term":[{"taxonomy":"product_brand","embeddable":true,"href":"https:\/\/www.dallai.it\/pl\/wp-json\/wp\/v2\/product_brand?post=15301"},{"taxonomy":"product_cat","embeddable":true,"href":"https:\/\/www.dallai.it\/pl\/wp-json\/wp\/v2\/product_cat?post=15301"},{"taxonomy":"product_tag","embeddable":true,"href":"https:\/\/www.dallai.it\/pl\/wp-json\/wp\/v2\/product_tag?post=15301"}],"curies":[{"name":"wp","href":"https:\/\/api.w.org\/{rel}","templated":true}]}}