{"id":15343,"date":"2024-04-02T08:36:13","date_gmt":"2024-04-02T08:36:13","guid":{"rendered":"https:\/\/palevioletred-reindeer-921576.hostingersite.com\/product\/0842c-2\/"},"modified":"2025-04-23T14:58:41","modified_gmt":"2025-04-23T14:58:41","slug":"0842c-2","status":"publish","type":"product","link":"https:\/\/www.dallai.it\/pl\/produktu\/0842c-2\/","title":{"rendered":"Filtr drena\u017cowy Typ A"},"content":{"rendered":"<p>Dost\u0119pna \u015brednica:<\/p>\n<p>&#8211; 150<\/p>\n<p>&#8211; 200<\/p>\n<p>&#8211; 250<\/p>\n<p>&#8211; 300<\/p>\n<p>&#8211; 400<\/p>\n","protected":false},"excerpt":{"rendered":"<p class=\"p1\">Filtr drena\u017cowy z 24\/32 otworami z ocynkowanym gwintem m\u0119skim<\/p>\n","protected":false},"featured_media":15344,"template":"","meta":{"_acf_changed":false,"_vp_format_video_url":"","_vp_image_focal_point":[]},"product_brand":[],"product_cat":[82,109],"product_tag":[],"class_list":{"0":"post-15343","1":"product","2":"type-product","3":"status-publish","4":"has-post-thumbnail","6":"product_cat-typ-a-pl","7":"product_cat-zawor-denny-pl-typ-a-pl","9":"first","10":"instock","11":"featured","12":"shipping-taxable","13":"product-type-simple"},"acf":[],"_links":{"self":[{"href":"https:\/\/www.dallai.it\/pl\/wp-json\/wp\/v2\/product\/15343","targetHints":{"allow":["GET"]}}],"collection":[{"href":"https:\/\/www.dallai.it\/pl\/wp-json\/wp\/v2\/product"}],"about":[{"href":"https:\/\/www.dallai.it\/pl\/wp-json\/wp\/v2\/types\/product"}],"wp:featuredmedia":[{"embeddable":true,"href":"https:\/\/www.dallai.it\/pl\/wp-json\/wp\/v2\/media\/15344"}],"wp:attachment":[{"href":"https:\/\/www.dallai.it\/pl\/wp-json\/wp\/v2\/media?parent=15343"}],"wp:term":[{"taxonomy":"product_brand","embeddable":true,"href":"https:\/\/www.dallai.it\/pl\/wp-json\/wp\/v2\/product_brand?post=15343"},{"taxonomy":"product_cat","embeddable":true,"href":"https:\/\/www.dallai.it\/pl\/wp-json\/wp\/v2\/product_cat?post=15343"},{"taxonomy":"product_tag","embeddable":true,"href":"https:\/\/www.dallai.it\/pl\/wp-json\/wp\/v2\/product_tag?post=15343"}],"curies":[{"name":"wp","href":"https:\/\/api.w.org\/{rel}","templated":true}]}}