{"id":15393,"date":"2024-04-08T09:59:52","date_gmt":"2024-04-08T09:59:52","guid":{"rendered":"https:\/\/palevioletred-reindeer-921576.hostingersite.com\/product\/art-0b02c\/"},"modified":"2025-04-23T15:01:14","modified_gmt":"2025-04-23T15:01:14","slug":"art-0b02c","status":"publish","type":"product","link":"https:\/\/www.dallai.it\/pl\/produktu\/art-0b02c\/","title":{"rendered":"Z\u0142\u0105czka Typ Ci"},"content":{"rendered":"<p>Dost\u0119pna \u015brednica:<\/p>\n<p>-50&lt;<\/p>\n<p>-63<\/p>\n<p>-75<\/p>\n","protected":false},"excerpt":{"rendered":"<p class=\"p1\">Ocynkowana z\u0142\u0105czka CI z tulej\u0105 3\/4&#8243; i stop\u0105 podporow\u0105<\/p>\n","protected":false},"featured_media":15394,"template":"","meta":{"_acf_changed":false,"_vp_format_video_url":"","_vp_image_focal_point":[]},"product_brand":[],"product_cat":[133,88],"product_tag":[],"class_list":{"0":"post-15393","1":"product","2":"type-product","3":"status-publish","4":"has-post-thumbnail","6":"product_cat-zintegrowane-zlacza-pokrywy-typ-ci-pl","7":"product_cat-typ-ci-pl","9":"first","10":"instock","11":"shipping-taxable","12":"product-type-simple"},"acf":[],"_links":{"self":[{"href":"https:\/\/www.dallai.it\/pl\/wp-json\/wp\/v2\/product\/15393","targetHints":{"allow":["GET"]}}],"collection":[{"href":"https:\/\/www.dallai.it\/pl\/wp-json\/wp\/v2\/product"}],"about":[{"href":"https:\/\/www.dallai.it\/pl\/wp-json\/wp\/v2\/types\/product"}],"wp:featuredmedia":[{"embeddable":true,"href":"https:\/\/www.dallai.it\/pl\/wp-json\/wp\/v2\/media\/15394"}],"wp:attachment":[{"href":"https:\/\/www.dallai.it\/pl\/wp-json\/wp\/v2\/media?parent=15393"}],"wp:term":[{"taxonomy":"product_brand","embeddable":true,"href":"https:\/\/www.dallai.it\/pl\/wp-json\/wp\/v2\/product_brand?post=15393"},{"taxonomy":"product_cat","embeddable":true,"href":"https:\/\/www.dallai.it\/pl\/wp-json\/wp\/v2\/product_cat?post=15393"},{"taxonomy":"product_tag","embeddable":true,"href":"https:\/\/www.dallai.it\/pl\/wp-json\/wp\/v2\/product_tag?post=15393"}],"curies":[{"name":"wp","href":"https:\/\/api.w.org\/{rel}","templated":true}]}}