{"id":15396,"date":"2024-04-08T09:59:53","date_gmt":"2024-04-08T09:59:53","guid":{"rendered":"https:\/\/palevioletred-reindeer-921576.hostingersite.com\/product\/art-0b03c\/"},"modified":"2025-04-23T15:01:19","modified_gmt":"2025-04-23T15:01:19","slug":"art-0b03c","status":"publish","type":"product","link":"https:\/\/www.dallai.it\/pl\/produktu\/art-0b03c\/","title":{"rendered":"Gwint Typ Ci"},"content":{"rendered":"<p>Dost\u0119pna \u015brednica:<\/p>\n<p>-50&#215;11\/2\u201d<\/p>\n<p>-63 x 2\u201d<\/p>\n<p>-75&#215;21\/2\u201d<\/p>\n","protected":false},"excerpt":{"rendered":"<p class=\"p1\">Z\u0142\u0105czka CI z ocynkowanym kr\u00f3\u0107cem gwintowanym \u201eGAZOWYM\u201d i pokryw\u0105 gwintowan\u0105<\/p>\n","protected":false},"featured_media":15397,"template":"","meta":{"_acf_changed":false,"_vp_format_video_url":"","_vp_image_focal_point":[]},"product_brand":[],"product_cat":[133,88],"product_tag":[],"class_list":{"0":"post-15396","1":"product","2":"type-product","3":"status-publish","4":"has-post-thumbnail","6":"product_cat-zintegrowane-zlacza-pokrywy-typ-ci-pl","7":"product_cat-typ-ci-pl","9":"first","10":"instock","11":"shipping-taxable","12":"product-type-simple"},"acf":[],"_links":{"self":[{"href":"https:\/\/www.dallai.it\/pl\/wp-json\/wp\/v2\/product\/15396","targetHints":{"allow":["GET"]}}],"collection":[{"href":"https:\/\/www.dallai.it\/pl\/wp-json\/wp\/v2\/product"}],"about":[{"href":"https:\/\/www.dallai.it\/pl\/wp-json\/wp\/v2\/types\/product"}],"wp:featuredmedia":[{"embeddable":true,"href":"https:\/\/www.dallai.it\/pl\/wp-json\/wp\/v2\/media\/15397"}],"wp:attachment":[{"href":"https:\/\/www.dallai.it\/pl\/wp-json\/wp\/v2\/media?parent=15396"}],"wp:term":[{"taxonomy":"product_brand","embeddable":true,"href":"https:\/\/www.dallai.it\/pl\/wp-json\/wp\/v2\/product_brand?post=15396"},{"taxonomy":"product_cat","embeddable":true,"href":"https:\/\/www.dallai.it\/pl\/wp-json\/wp\/v2\/product_cat?post=15396"},{"taxonomy":"product_tag","embeddable":true,"href":"https:\/\/www.dallai.it\/pl\/wp-json\/wp\/v2\/product_tag?post=15396"}],"curies":[{"name":"wp","href":"https:\/\/api.w.org\/{rel}","templated":true}]}}