{"id":15417,"date":"2024-04-08T10:13:49","date_gmt":"2024-04-08T10:13:49","guid":{"rendered":"https:\/\/palevioletred-reindeer-921576.hostingersite.com\/product\/art-s011690-1\/"},"modified":"2025-04-23T15:01:51","modified_gmt":"2025-04-23T15:01:51","slug":"art-s011690-1","status":"publish","type":"product","link":"https:\/\/www.dallai.it\/pl\/produktu\/art-s011690-1\/","title":{"rendered":"Tryskacz Typ Ci"},"content":{"rendered":"<p>Dost\u0119pna \u015brednica:<\/p>\n<p>-3\/4\u201d<\/p>\n","protected":false},"excerpt":{"rendered":"<p class=\"p1\">Ma\u0142y tryskacz przep\u0142ywowy o okr\u0105g\u0142ym dzia\u0142aniu przeciwmgielnym, wykonany z mosi\u0105dzu<\/p>\n","protected":false},"featured_media":15415,"template":"","meta":{"_acf_changed":false,"_vp_format_video_url":"","_vp_image_focal_point":[]},"product_brand":[],"product_cat":[133,88],"product_tag":[],"class_list":{"0":"post-15417","1":"product","2":"type-product","3":"status-publish","4":"has-post-thumbnail","6":"product_cat-zintegrowane-zlacza-pokrywy-typ-ci-pl","7":"product_cat-typ-ci-pl","9":"first","10":"instock","11":"shipping-taxable","12":"product-type-simple"},"acf":[],"_links":{"self":[{"href":"https:\/\/www.dallai.it\/pl\/wp-json\/wp\/v2\/product\/15417","targetHints":{"allow":["GET"]}}],"collection":[{"href":"https:\/\/www.dallai.it\/pl\/wp-json\/wp\/v2\/product"}],"about":[{"href":"https:\/\/www.dallai.it\/pl\/wp-json\/wp\/v2\/types\/product"}],"wp:featuredmedia":[{"embeddable":true,"href":"https:\/\/www.dallai.it\/pl\/wp-json\/wp\/v2\/media\/15415"}],"wp:attachment":[{"href":"https:\/\/www.dallai.it\/pl\/wp-json\/wp\/v2\/media?parent=15417"}],"wp:term":[{"taxonomy":"product_brand","embeddable":true,"href":"https:\/\/www.dallai.it\/pl\/wp-json\/wp\/v2\/product_brand?post=15417"},{"taxonomy":"product_cat","embeddable":true,"href":"https:\/\/www.dallai.it\/pl\/wp-json\/wp\/v2\/product_cat?post=15417"},{"taxonomy":"product_tag","embeddable":true,"href":"https:\/\/www.dallai.it\/pl\/wp-json\/wp\/v2\/product_tag?post=15417"}],"curies":[{"name":"wp","href":"https:\/\/api.w.org\/{rel}","templated":true}]}}