{"id":15537,"date":"2024-04-02T15:34:35","date_gmt":"2024-04-02T15:34:35","guid":{"rendered":"https:\/\/palevioletred-reindeer-921576.hostingersite.com\/product\/art-0309c-cr\/"},"modified":"2025-04-23T15:06:28","modified_gmt":"2025-04-23T15:06:28","slug":"art-0309c-cr","status":"publish","type":"product","link":"https:\/\/www.dallai.it\/pl\/produktu\/art-0309c-cr\/","title":{"rendered":"Uchwyt w\u0119\u017ca Typ B"},"content":{"rendered":"<p>Dost\u0119pna \u015brednica:<\/p>\n<p>&#8211; 50&#215;40<\/p>\n<p>&#8211; 50&#215;50<\/p>\n<p>&#8211; 76&#215;65<\/p>\n<p>&#8211; 76&#215;75<\/p>\n<p>&#8211; 89&#215;75<\/p>\n<p>&#8211; 89&#215;90<\/p>\n<p>&#8211; 108&#215;100<\/p>\n<p>&#8211; 108&#215;110<\/p>\n<p>&#8211; 133&#215;125<\/p>\n<p>&#8211; 159&#215;150<\/p>\n<p>&#8211; 194&#215;200<\/p>\n<p>&#8211; *250&#215;250<\/p>\n<p>&#8211; *300&#215;300<\/p>\n","protected":false},"excerpt":{"rendered":"<p class=\"p1\">M\u0119ski z wa\u0142kiem i wpustem w jode\u0142k\u0119 ocynkowanym CR<\/p>\n","protected":false},"featured_media":15538,"template":"","meta":{"_acf_changed":false,"_vp_format_video_url":"","_vp_image_focal_point":[]},"product_brand":[],"product_cat":[119,84],"product_tag":[],"class_list":{"0":"post-15537","1":"product","2":"type-product","3":"status-publish","4":"has-post-thumbnail","6":"product_cat-zlacza-sferyczne-pl-2","7":"product_cat-typ-b-pl","9":"first","10":"instock","11":"featured","12":"shipping-taxable","13":"product-type-simple"},"acf":[],"_links":{"self":[{"href":"https:\/\/www.dallai.it\/pl\/wp-json\/wp\/v2\/product\/15537","targetHints":{"allow":["GET"]}}],"collection":[{"href":"https:\/\/www.dallai.it\/pl\/wp-json\/wp\/v2\/product"}],"about":[{"href":"https:\/\/www.dallai.it\/pl\/wp-json\/wp\/v2\/types\/product"}],"wp:featuredmedia":[{"embeddable":true,"href":"https:\/\/www.dallai.it\/pl\/wp-json\/wp\/v2\/media\/15538"}],"wp:attachment":[{"href":"https:\/\/www.dallai.it\/pl\/wp-json\/wp\/v2\/media?parent=15537"}],"wp:term":[{"taxonomy":"product_brand","embeddable":true,"href":"https:\/\/www.dallai.it\/pl\/wp-json\/wp\/v2\/product_brand?post=15537"},{"taxonomy":"product_cat","embeddable":true,"href":"https:\/\/www.dallai.it\/pl\/wp-json\/wp\/v2\/product_cat?post=15537"},{"taxonomy":"product_tag","embeddable":true,"href":"https:\/\/www.dallai.it\/pl\/wp-json\/wp\/v2\/product_tag?post=15537"}],"curies":[{"name":"wp","href":"https:\/\/api.w.org\/{rel}","templated":true}]}}