{"id":15556,"date":"2024-04-03T08:02:48","date_gmt":"2024-04-03T08:02:48","guid":{"rendered":"https:\/\/palevioletred-reindeer-921576.hostingersite.com\/product\/art-0312c-gas\/"},"modified":"2025-04-23T15:09:32","modified_gmt":"2025-04-23T15:09:32","slug":"art-0312c-gas","status":"publish","type":"product","link":"https:\/\/www.dallai.it\/pl\/produktu\/art-0312c-gas\/","title":{"rendered":"Gwint Typ B"},"content":{"rendered":"<p>Dost\u0119pna \u015brednica:<\/p>\n<p>&#8211; 50&#215;1 1\/2\u201d<\/p>\n<p>&#8211; 50&#215;2\u201d<\/p>\n<p>&#8211; 76&#215;1 1\/2\u201d<\/p>\n<p>&#8211; 76&#215;2\u201d<\/p>\n<p>&#8211; 76&#215;2 1\/2\u201d<\/p>\n<p>&#8211; 76&#215;3\u201d<\/p>\n<p>&#8211; 89&#215;2 1\/2\u201d<\/p>\n<p>&#8211; 89&#215;3\u201d<\/p>\n<p>&#8211; 108&#215;3\u201d<\/p>\n<p>&#8211; 108&#215;4\u201d<\/p>\n<p>&#8211; 133&#215;4\u201d<\/p>\n<p>&#8211; 133&#215;5\u201d<\/p>\n<p>&#8211; 159&#215;4\u201d<\/p>\n<p>&#8211; 159&#215;6\u201d<\/p>\n<p>&#8211; 194&#215;8\u201d<\/p>\n","protected":false},"excerpt":{"rendered":"<p class=\"p1\">\u017be\u0144ski z ocynkowanym gwintowanym kr\u00f3\u0107cem \u201eGAS\/BSPP\u201d i pokryw\u0105 gwintowan\u0105<\/p>\n","protected":false},"featured_media":15557,"template":"","meta":{"_acf_changed":false,"_vp_format_video_url":"","_vp_image_focal_point":[]},"product_brand":[],"product_cat":[119,84],"product_tag":[],"class_list":{"0":"post-15556","1":"product","2":"type-product","3":"status-publish","4":"has-post-thumbnail","6":"product_cat-zlacza-sferyczne-pl-2","7":"product_cat-typ-b-pl","9":"first","10":"instock","11":"featured","12":"shipping-taxable","13":"product-type-simple"},"acf":[],"_links":{"self":[{"href":"https:\/\/www.dallai.it\/pl\/wp-json\/wp\/v2\/product\/15556","targetHints":{"allow":["GET"]}}],"collection":[{"href":"https:\/\/www.dallai.it\/pl\/wp-json\/wp\/v2\/product"}],"about":[{"href":"https:\/\/www.dallai.it\/pl\/wp-json\/wp\/v2\/types\/product"}],"wp:featuredmedia":[{"embeddable":true,"href":"https:\/\/www.dallai.it\/pl\/wp-json\/wp\/v2\/media\/15557"}],"wp:attachment":[{"href":"https:\/\/www.dallai.it\/pl\/wp-json\/wp\/v2\/media?parent=15556"}],"wp:term":[{"taxonomy":"product_brand","embeddable":true,"href":"https:\/\/www.dallai.it\/pl\/wp-json\/wp\/v2\/product_brand?post=15556"},{"taxonomy":"product_cat","embeddable":true,"href":"https:\/\/www.dallai.it\/pl\/wp-json\/wp\/v2\/product_cat?post=15556"},{"taxonomy":"product_tag","embeddable":true,"href":"https:\/\/www.dallai.it\/pl\/wp-json\/wp\/v2\/product_tag?post=15556"}],"curies":[{"name":"wp","href":"https:\/\/api.w.org\/{rel}","templated":true}]}}