{"id":15565,"date":"2024-04-03T08:26:59","date_gmt":"2024-04-03T08:26:59","guid":{"rendered":"https:\/\/palevioletred-reindeer-921576.hostingersite.com\/product\/art-0314c-en\/"},"modified":"2025-04-23T15:09:40","modified_gmt":"2025-04-23T15:09:40","slug":"art-0314c-en","status":"publish","type":"product","link":"https:\/\/www.dallai.it\/pl\/produktu\/art-0314c-en\/","title":{"rendered":"Ko\u0142nierz Typ B"},"content":{"rendered":"<p>Dost\u0119pna \u015brednica:<\/p>\n<p>-50&#215;50<\/p>\n<p>-76&#215;65<\/p>\n<p>-76&#215;80<\/p>\n<p>-89&#215;80<\/p>\n<p>-108&#215;100<\/p>\n<p>-133&#215;125<\/p>\n<p>-159&#215;150<\/p>\n<p>-194&#215;200<\/p>\n<p>-250&#215;250<\/p>\n<p>-300&#215;300<\/p>\n<p>-400&#215;400<\/p>\n<p>-450&#215;450<\/p>\n","protected":false},"excerpt":{"rendered":"<p class=\"p1\">Z\u0142\u0105cze \u017ce\u0144skie z ko\u0142nierzem *EN 1092-1 ocynkowane<\/p>\n","protected":false},"featured_media":15566,"template":"","meta":{"_acf_changed":false,"_vp_format_video_url":"","_vp_image_focal_point":[]},"product_brand":[],"product_cat":[119,84],"product_tag":[],"class_list":{"0":"post-15565","1":"product","2":"type-product","3":"status-publish","4":"has-post-thumbnail","6":"product_cat-zlacza-sferyczne-pl-2","7":"product_cat-typ-b-pl","9":"first","10":"instock","11":"featured","12":"shipping-taxable","13":"product-type-simple"},"acf":[],"_links":{"self":[{"href":"https:\/\/www.dallai.it\/pl\/wp-json\/wp\/v2\/product\/15565","targetHints":{"allow":["GET"]}}],"collection":[{"href":"https:\/\/www.dallai.it\/pl\/wp-json\/wp\/v2\/product"}],"about":[{"href":"https:\/\/www.dallai.it\/pl\/wp-json\/wp\/v2\/types\/product"}],"wp:featuredmedia":[{"embeddable":true,"href":"https:\/\/www.dallai.it\/pl\/wp-json\/wp\/v2\/media\/15566"}],"wp:attachment":[{"href":"https:\/\/www.dallai.it\/pl\/wp-json\/wp\/v2\/media?parent=15565"}],"wp:term":[{"taxonomy":"product_brand","embeddable":true,"href":"https:\/\/www.dallai.it\/pl\/wp-json\/wp\/v2\/product_brand?post=15565"},{"taxonomy":"product_cat","embeddable":true,"href":"https:\/\/www.dallai.it\/pl\/wp-json\/wp\/v2\/product_cat?post=15565"},{"taxonomy":"product_tag","embeddable":true,"href":"https:\/\/www.dallai.it\/pl\/wp-json\/wp\/v2\/product_tag?post=15565"}],"curies":[{"name":"wp","href":"https:\/\/api.w.org\/{rel}","templated":true}]}}