{"id":15574,"date":"2024-04-03T08:52:12","date_gmt":"2024-04-03T08:52:12","guid":{"rendered":"https:\/\/palevioletred-reindeer-921576.hostingersite.com\/product\/art-0314c-ansi\/"},"modified":"2025-04-23T15:09:47","modified_gmt":"2025-04-23T15:09:47","slug":"art-0314c-ansi","status":"publish","type":"product","link":"https:\/\/www.dallai.it\/pl\/produktu\/art-0314c-ansi\/","title":{"rendered":"Ko\u0142nierz Typ B"},"content":{"rendered":"<p>Dost\u0119pna \u015brednica:<\/p>\n<p>&#8211; 50&#215;2\u201d<\/p>\n<p>&#8211; 76&#215;3&#8243;<\/p>\n<p>&#8211; 108&#215;4\u201d<\/p>\n<p>&#8211; 159&#215;6\u201d<\/p>\n<p>&#8211; 194&#215;8\u201d<\/p>\n<p>&#8211; 250&#215;10\u201d<\/p>\n<p>&#8211; 300&#215;12\u201d<\/p>\n<p>&#8211; 400&#215;16\u201d<\/p>\n<p>&#8211; 450&#215;18\u201d<\/p>\n","protected":false},"excerpt":{"rendered":"<p class=\"p1\">Z\u0142\u0105cze \u017ce\u0144skie z ko\u0142nierzem *ANSI ocynkowane<\/p>\n","protected":false},"featured_media":15575,"template":"","meta":{"_acf_changed":false,"_vp_format_video_url":"","_vp_image_focal_point":[]},"product_brand":[],"product_cat":[119,84],"product_tag":[],"class_list":{"0":"post-15574","1":"product","2":"type-product","3":"status-publish","4":"has-post-thumbnail","6":"product_cat-zlacza-sferyczne-pl-2","7":"product_cat-typ-b-pl","9":"first","10":"instock","11":"featured","12":"shipping-taxable","13":"product-type-simple"},"acf":[],"_links":{"self":[{"href":"https:\/\/www.dallai.it\/pl\/wp-json\/wp\/v2\/product\/15574","targetHints":{"allow":["GET"]}}],"collection":[{"href":"https:\/\/www.dallai.it\/pl\/wp-json\/wp\/v2\/product"}],"about":[{"href":"https:\/\/www.dallai.it\/pl\/wp-json\/wp\/v2\/types\/product"}],"wp:featuredmedia":[{"embeddable":true,"href":"https:\/\/www.dallai.it\/pl\/wp-json\/wp\/v2\/media\/15575"}],"wp:attachment":[{"href":"https:\/\/www.dallai.it\/pl\/wp-json\/wp\/v2\/media?parent=15574"}],"wp:term":[{"taxonomy":"product_brand","embeddable":true,"href":"https:\/\/www.dallai.it\/pl\/wp-json\/wp\/v2\/product_brand?post=15574"},{"taxonomy":"product_cat","embeddable":true,"href":"https:\/\/www.dallai.it\/pl\/wp-json\/wp\/v2\/product_cat?post=15574"},{"taxonomy":"product_tag","embeddable":true,"href":"https:\/\/www.dallai.it\/pl\/wp-json\/wp\/v2\/product_tag?post=15574"}],"curies":[{"name":"wp","href":"https:\/\/api.w.org\/{rel}","templated":true}]}}