{"id":15646,"date":"2024-04-03T12:23:10","date_gmt":"2024-04-03T12:23:10","guid":{"rendered":"https:\/\/www.dallai.it\/product\/art-0320c-2\/"},"modified":"2025-04-23T15:10:44","modified_gmt":"2025-04-23T15:10:44","slug":"art-0320c-2","status":"publish","type":"product","link":"https:\/\/www.dallai.it\/pl\/produktu\/art-0320c-2\/","title":{"rendered":"\u0141ab\u0119dzia szyja Typ B"},"content":{"rendered":"<p>Dost\u0119pna \u015brednica:<\/p>\n<p>&#8211; 50<\/p>\n<p>&#8211; 76<\/p>\n<p>&#8211; 89<\/p>\n<p>&#8211; 108<\/p>\n<p>&#8211; 133<\/p>\n<p>&#8211; 159<\/p>\n<p>&#8211; 194<\/p>\n","protected":false},"excerpt":{"rendered":"<p class=\"p1\">Odwr\u00f3cona \u0141ab\u0119dzia szyja z ocynkowanym z\u0142\u0105czem kulowym<\/p>\n","protected":false},"featured_media":15647,"template":"","meta":{"_acf_changed":false,"_vp_format_video_url":"","_vp_image_focal_point":[]},"product_brand":[],"product_cat":[119,84],"product_tag":[],"class_list":{"0":"post-15646","1":"product","2":"type-product","3":"status-publish","4":"has-post-thumbnail","6":"product_cat-zlacza-sferyczne-pl-2","7":"product_cat-typ-b-pl","9":"first","10":"instock","11":"featured","12":"shipping-taxable","13":"product-type-simple"},"acf":[],"_links":{"self":[{"href":"https:\/\/www.dallai.it\/pl\/wp-json\/wp\/v2\/product\/15646","targetHints":{"allow":["GET"]}}],"collection":[{"href":"https:\/\/www.dallai.it\/pl\/wp-json\/wp\/v2\/product"}],"about":[{"href":"https:\/\/www.dallai.it\/pl\/wp-json\/wp\/v2\/types\/product"}],"wp:featuredmedia":[{"embeddable":true,"href":"https:\/\/www.dallai.it\/pl\/wp-json\/wp\/v2\/media\/15647"}],"wp:attachment":[{"href":"https:\/\/www.dallai.it\/pl\/wp-json\/wp\/v2\/media?parent=15646"}],"wp:term":[{"taxonomy":"product_brand","embeddable":true,"href":"https:\/\/www.dallai.it\/pl\/wp-json\/wp\/v2\/product_brand?post=15646"},{"taxonomy":"product_cat","embeddable":true,"href":"https:\/\/www.dallai.it\/pl\/wp-json\/wp\/v2\/product_cat?post=15646"},{"taxonomy":"product_tag","embeddable":true,"href":"https:\/\/www.dallai.it\/pl\/wp-json\/wp\/v2\/product_tag?post=15646"}],"curies":[{"name":"wp","href":"https:\/\/api.w.org\/{rel}","templated":true}]}}