{"id":15663,"date":"2024-04-05T12:31:53","date_gmt":"2024-04-05T12:31:53","guid":{"rendered":"https:\/\/www.dallai.it\/product\/art-0404n\/"},"modified":"2025-04-23T15:12:20","modified_gmt":"2025-04-23T15:12:20","slug":"art-0404n","status":"publish","type":"product","link":"https:\/\/www.dallai.it\/pl\/produktu\/art-0404n\/","title":{"rendered":"Z\u0142\u0105czka Typ C"},"content":{"rendered":"<p>Dost\u0119pna \u015brednica:<\/p>\n<p>&#8211; 50<\/p>\n<p>&#8211; 70<\/p>\n<p>&#8211; 89<\/p>\n<p>&#8211; 108<\/p>\n<p>&#8211; 133<\/p>\n<p>&#8211; 159<\/p>\n<p>&#8211; 216<\/p>\n","protected":false},"excerpt":{"rendered":"<p>Wa\u0142ek surowy<\/p>\n","protected":false},"featured_media":15664,"template":"","meta":{"_acf_changed":false,"_vp_format_video_url":"","_vp_image_focal_point":[]},"product_brand":[],"product_cat":[127,86],"product_tag":[],"class_list":{"0":"post-15663","1":"product","2":"type-product","3":"status-publish","4":"has-post-thumbnail","6":"product_cat-zlacza-sferyczne-typ-c-pl","7":"product_cat-typ-c-pl","9":"first","10":"instock","11":"shipping-taxable","12":"product-type-simple"},"acf":[],"_links":{"self":[{"href":"https:\/\/www.dallai.it\/pl\/wp-json\/wp\/v2\/product\/15663","targetHints":{"allow":["GET"]}}],"collection":[{"href":"https:\/\/www.dallai.it\/pl\/wp-json\/wp\/v2\/product"}],"about":[{"href":"https:\/\/www.dallai.it\/pl\/wp-json\/wp\/v2\/types\/product"}],"wp:featuredmedia":[{"embeddable":true,"href":"https:\/\/www.dallai.it\/pl\/wp-json\/wp\/v2\/media\/15664"}],"wp:attachment":[{"href":"https:\/\/www.dallai.it\/pl\/wp-json\/wp\/v2\/media?parent=15663"}],"wp:term":[{"taxonomy":"product_brand","embeddable":true,"href":"https:\/\/www.dallai.it\/pl\/wp-json\/wp\/v2\/product_brand?post=15663"},{"taxonomy":"product_cat","embeddable":true,"href":"https:\/\/www.dallai.it\/pl\/wp-json\/wp\/v2\/product_cat?post=15663"},{"taxonomy":"product_tag","embeddable":true,"href":"https:\/\/www.dallai.it\/pl\/wp-json\/wp\/v2\/product_tag?post=15663"}],"curies":[{"name":"wp","href":"https:\/\/api.w.org\/{rel}","templated":true}]}}