{"id":15707,"date":"2024-04-05T14:01:02","date_gmt":"2024-04-05T14:01:02","guid":{"rendered":"https:\/\/www.dallai.it\/product\/art-0410n-6\/"},"modified":"2025-04-23T15:13:03","modified_gmt":"2025-04-23T15:13:03","slug":"art-0410n-6","status":"publish","type":"product","link":"https:\/\/www.dallai.it\/pl\/produktu\/art-0410n-6\/","title":{"rendered":"Z\u0142\u0105czka Typ C"},"content":{"rendered":"<p>Dost\u0119pna \u015brednica:<\/p>\n<p>&#8211; 50&#215;50<\/p>\n<p>&#8211; 70&#215;70<\/p>\n<p>&#8211; 89&#215;89<\/p>\n<p>&#8211; 108&#215;108<\/p>\n<p>&#8211; 133&#215;133<\/p>\n<p>&#8211; 159&#215;159<\/p>\n<p>&#8211; 216&#215;200<\/p>\n","protected":false},"excerpt":{"rendered":"<p>\u017be\u0144ska surowa z rur\u0105 do przyspawania z uszczelk\u0105 i zamontowanym wa\u0142kiem<\/p>\n","protected":false},"featured_media":15708,"template":"","meta":{"_acf_changed":false,"_vp_format_video_url":"","_vp_image_focal_point":[]},"product_brand":[],"product_cat":[127,86],"product_tag":[],"class_list":{"0":"post-15707","1":"product","2":"type-product","3":"status-publish","4":"has-post-thumbnail","6":"product_cat-zlacza-sferyczne-typ-c-pl","7":"product_cat-typ-c-pl","9":"first","10":"instock","11":"shipping-taxable","12":"product-type-simple"},"acf":[],"_links":{"self":[{"href":"https:\/\/www.dallai.it\/pl\/wp-json\/wp\/v2\/product\/15707","targetHints":{"allow":["GET"]}}],"collection":[{"href":"https:\/\/www.dallai.it\/pl\/wp-json\/wp\/v2\/product"}],"about":[{"href":"https:\/\/www.dallai.it\/pl\/wp-json\/wp\/v2\/types\/product"}],"wp:featuredmedia":[{"embeddable":true,"href":"https:\/\/www.dallai.it\/pl\/wp-json\/wp\/v2\/media\/15708"}],"wp:attachment":[{"href":"https:\/\/www.dallai.it\/pl\/wp-json\/wp\/v2\/media?parent=15707"}],"wp:term":[{"taxonomy":"product_brand","embeddable":true,"href":"https:\/\/www.dallai.it\/pl\/wp-json\/wp\/v2\/product_brand?post=15707"},{"taxonomy":"product_cat","embeddable":true,"href":"https:\/\/www.dallai.it\/pl\/wp-json\/wp\/v2\/product_cat?post=15707"},{"taxonomy":"product_tag","embeddable":true,"href":"https:\/\/www.dallai.it\/pl\/wp-json\/wp\/v2\/product_tag?post=15707"}],"curies":[{"name":"wp","href":"https:\/\/api.w.org\/{rel}","templated":true}]}}