{"id":15722,"date":"2024-04-05T14:54:38","date_gmt":"2024-04-05T14:54:38","guid":{"rendered":"https:\/\/www.dallai.it\/product\/art-0409c-z-2\/"},"modified":"2025-04-23T15:13:15","modified_gmt":"2025-04-23T15:13:15","slug":"art-0409c-z-2","status":"publish","type":"product","link":"https:\/\/www.dallai.it\/pl\/produktu\/art-0409c-z-2\/","title":{"rendered":"Uchwyt w\u0119\u017ca Typ C"},"content":{"rendered":"<p>Dost\u0119pna \u015brednica:<\/p>\n<p>&#8211; 89&#215;76<\/p>\n<p>&#8211; 108&#215;100<\/p>\n<p>&#8211; 159&#215;150<\/p>\n","protected":false},"excerpt":{"rendered":"<p>M\u0119ski ocynkowany opuszczony do w\u0119\u017ca<\/p>\n","protected":false},"featured_media":15713,"template":"","meta":{"_acf_changed":false,"_vp_format_video_url":"","_vp_image_focal_point":[]},"product_brand":[],"product_cat":[127,86],"product_tag":[],"class_list":{"0":"post-15722","1":"product","2":"type-product","3":"status-publish","4":"has-post-thumbnail","6":"product_cat-zlacza-sferyczne-typ-c-pl","7":"product_cat-typ-c-pl","9":"first","10":"instock","11":"shipping-taxable","12":"product-type-simple"},"acf":[],"_links":{"self":[{"href":"https:\/\/www.dallai.it\/pl\/wp-json\/wp\/v2\/product\/15722","targetHints":{"allow":["GET"]}}],"collection":[{"href":"https:\/\/www.dallai.it\/pl\/wp-json\/wp\/v2\/product"}],"about":[{"href":"https:\/\/www.dallai.it\/pl\/wp-json\/wp\/v2\/types\/product"}],"wp:featuredmedia":[{"embeddable":true,"href":"https:\/\/www.dallai.it\/pl\/wp-json\/wp\/v2\/media\/15713"}],"wp:attachment":[{"href":"https:\/\/www.dallai.it\/pl\/wp-json\/wp\/v2\/media?parent=15722"}],"wp:term":[{"taxonomy":"product_brand","embeddable":true,"href":"https:\/\/www.dallai.it\/pl\/wp-json\/wp\/v2\/product_brand?post=15722"},{"taxonomy":"product_cat","embeddable":true,"href":"https:\/\/www.dallai.it\/pl\/wp-json\/wp\/v2\/product_cat?post=15722"},{"taxonomy":"product_tag","embeddable":true,"href":"https:\/\/www.dallai.it\/pl\/wp-json\/wp\/v2\/product_tag?post=15722"}],"curies":[{"name":"wp","href":"https:\/\/api.w.org\/{rel}","templated":true}]}}