{"id":15915,"date":"2024-04-08T08:14:26","date_gmt":"2024-04-08T08:14:26","guid":{"rendered":"https:\/\/www.dallai.it\/product\/art-0433c\/"},"modified":"2025-05-02T14:40:18","modified_gmt":"2025-05-02T14:40:18","slug":"art-0433c","status":"publish","type":"product","link":"https:\/\/www.dallai.it\/pl\/produktu\/art-0433c\/","title":{"rendered":"Zaw\u00f3r Typ c"},"content":{"rendered":"<p>Dost\u0119pna \u015brednica:<\/p>\n<p>&#8211; 50<\/p>\n<p>&#8211; 70<\/p>\n<p>&#8211; 89<\/p>\n<p>&#8211; 108<\/p>\n<p>&#8211; 133<\/p>\n<p>&#8211; 159<\/p>\n<p>&#8211; 216<\/p>\n","protected":false},"excerpt":{"rendered":"<p>Zaw\u00f3r zwrotny ocynkowany ze z\u0142\u0105czem kulowym<\/p>\n","protected":false},"featured_media":15916,"template":"","meta":{"_acf_changed":false,"_vp_format_video_url":"","_vp_image_focal_point":[]},"product_brand":[],"product_cat":[131,86],"product_tag":[],"class_list":{"0":"post-15915","1":"product","2":"type-product","3":"status-publish","4":"has-post-thumbnail","6":"product_cat-zawor-denny-pl-3","7":"product_cat-typ-c-pl","9":"first","10":"instock","11":"shipping-taxable","12":"product-type-simple"},"acf":[],"_links":{"self":[{"href":"https:\/\/www.dallai.it\/pl\/wp-json\/wp\/v2\/product\/15915","targetHints":{"allow":["GET"]}}],"collection":[{"href":"https:\/\/www.dallai.it\/pl\/wp-json\/wp\/v2\/product"}],"about":[{"href":"https:\/\/www.dallai.it\/pl\/wp-json\/wp\/v2\/types\/product"}],"wp:featuredmedia":[{"embeddable":true,"href":"https:\/\/www.dallai.it\/pl\/wp-json\/wp\/v2\/media\/15916"}],"wp:attachment":[{"href":"https:\/\/www.dallai.it\/pl\/wp-json\/wp\/v2\/media?parent=15915"}],"wp:term":[{"taxonomy":"product_brand","embeddable":true,"href":"https:\/\/www.dallai.it\/pl\/wp-json\/wp\/v2\/product_brand?post=15915"},{"taxonomy":"product_cat","embeddable":true,"href":"https:\/\/www.dallai.it\/pl\/wp-json\/wp\/v2\/product_cat?post=15915"},{"taxonomy":"product_tag","embeddable":true,"href":"https:\/\/www.dallai.it\/pl\/wp-json\/wp\/v2\/product_tag?post=15915"}],"curies":[{"name":"wp","href":"https:\/\/api.w.org\/{rel}","templated":true}]}}