{"id":15926,"date":"2024-04-08T10:36:25","date_gmt":"2024-04-08T10:36:25","guid":{"rendered":"https:\/\/www.dallai.it\/product\/art-06500\/"},"modified":"2025-05-02T14:53:15","modified_gmt":"2025-05-02T14:53:15","slug":"art-06500","status":"publish","type":"product","link":"https:\/\/www.dallai.it\/pl\/produktu\/art-06500\/","title":{"rendered":"W\u0105\u017c Typ Ci"},"content":{"rendered":"<p>Dost\u0119pna \u015brednica:<\/p>\n<p>-102&#215;118 2 mt<\/p>\n<p>-102&#215;118 3 mt<\/p>\n<p>-102&#215;118 4 mt<\/p>\n<p>-120&#215;134 2 mt<\/p>\n<p>-120&#215;134 3 mt<\/p>\n<p>-120&#215;134 4 mt<\/p>\n<p>-152&#215;172 2 mt<\/p>\n<p>-152&#215;172 3 mt<\/p>\n<p>-152&#215;172 4 mt<\/p>\n<p>-203&#215;225 2 mt<\/p>\n<p>-203&#215;225 3 mt<\/p>\n<p>-203&#215;225 4 mt<\/p>\n","protected":false},"excerpt":{"rendered":"<p class=\"p1\"> W\u0105\u017c z gumy falistej<\/p>\n","protected":false},"featured_media":15927,"template":"","meta":{"_acf_changed":false,"_vp_format_video_url":"","_vp_image_focal_point":[]},"product_brand":[],"product_cat":[133,88],"product_tag":[],"class_list":{"0":"post-15926","1":"product","2":"type-product","3":"status-publish","4":"has-post-thumbnail","6":"product_cat-zintegrowane-zlacza-pokrywy-typ-ci-pl","7":"product_cat-typ-ci-pl","9":"first","10":"instock","11":"shipping-taxable","12":"product-type-simple"},"acf":[],"_links":{"self":[{"href":"https:\/\/www.dallai.it\/pl\/wp-json\/wp\/v2\/product\/15926","targetHints":{"allow":["GET"]}}],"collection":[{"href":"https:\/\/www.dallai.it\/pl\/wp-json\/wp\/v2\/product"}],"about":[{"href":"https:\/\/www.dallai.it\/pl\/wp-json\/wp\/v2\/types\/product"}],"wp:featuredmedia":[{"embeddable":true,"href":"https:\/\/www.dallai.it\/pl\/wp-json\/wp\/v2\/media\/15927"}],"wp:attachment":[{"href":"https:\/\/www.dallai.it\/pl\/wp-json\/wp\/v2\/media?parent=15926"}],"wp:term":[{"taxonomy":"product_brand","embeddable":true,"href":"https:\/\/www.dallai.it\/pl\/wp-json\/wp\/v2\/product_brand?post=15926"},{"taxonomy":"product_cat","embeddable":true,"href":"https:\/\/www.dallai.it\/pl\/wp-json\/wp\/v2\/product_cat?post=15926"},{"taxonomy":"product_tag","embeddable":true,"href":"https:\/\/www.dallai.it\/pl\/wp-json\/wp\/v2\/product_tag?post=15926"}],"curies":[{"name":"wp","href":"https:\/\/api.w.org\/{rel}","templated":true}]}}