{"id":15931,"date":"2024-04-09T14:27:16","date_gmt":"2024-04-09T14:27:16","guid":{"rendered":"https:\/\/www.dallai.it\/product\/art-06500-2\/"},"modified":"2025-05-02T15:15:43","modified_gmt":"2025-05-02T15:15:43","slug":"art-06500-2","status":"publish","type":"product","link":"https:\/\/www.dallai.it\/pl\/produktu\/art-06500-2\/","title":{"rendered":"W\u0105\u017c z gumy falistej"},"content":{"rendered":"<p>Dost\u0119pna \u015brednica:<\/p>\n<p>&#8211; 4\u201d x 100 x2<\/p>\n<p>&#8211; 4\u201d x 100 x3<\/p>\n<p>&#8211; 4\u201d x 100 x4<\/p>\n<p>&#8211; 5\u201d x 120&#215;2<\/p>\n<p>&#8211; 5\u201d x 120&#215;3<\/p>\n<p>&#8211; 5\u201d x 120&#215;4<\/p>\n<p>&#8211; 6\u201d x 150&#215;2<\/p>\n<p>&#8211; 6\u201d x 150&#215;3<\/p>\n<p>&#8211; 6\u201d x 150&#215;4<\/p>\n<p>&#8211; 8\u201d x 200&#215;2<\/p>\n<p>&#8211; 8\u201d x 200&#215;3<\/p>\n<p>&#8211; 8\u201d x 200&#215;4<\/p>\n","protected":false},"excerpt":{"rendered":"<p>W\u0105\u017c z gumy falistej<\/p>\n","protected":false},"featured_media":15932,"template":"","meta":{"_acf_changed":false,"_vp_format_video_url":"","_vp_image_focal_point":[]},"product_brand":[],"product_cat":[97,91],"product_tag":[],"class_list":{"0":"post-15931","1":"product","2":"type-product","3":"status-publish","4":"has-post-thumbnail","6":"product_cat-guma-pl","7":"product_cat-fittings-pl","9":"first","10":"instock","11":"shipping-taxable","12":"product-type-simple"},"acf":[],"_links":{"self":[{"href":"https:\/\/www.dallai.it\/pl\/wp-json\/wp\/v2\/product\/15931","targetHints":{"allow":["GET"]}}],"collection":[{"href":"https:\/\/www.dallai.it\/pl\/wp-json\/wp\/v2\/product"}],"about":[{"href":"https:\/\/www.dallai.it\/pl\/wp-json\/wp\/v2\/types\/product"}],"wp:featuredmedia":[{"embeddable":true,"href":"https:\/\/www.dallai.it\/pl\/wp-json\/wp\/v2\/media\/15932"}],"wp:attachment":[{"href":"https:\/\/www.dallai.it\/pl\/wp-json\/wp\/v2\/media?parent=15931"}],"wp:term":[{"taxonomy":"product_brand","embeddable":true,"href":"https:\/\/www.dallai.it\/pl\/wp-json\/wp\/v2\/product_brand?post=15931"},{"taxonomy":"product_cat","embeddable":true,"href":"https:\/\/www.dallai.it\/pl\/wp-json\/wp\/v2\/product_cat?post=15931"},{"taxonomy":"product_tag","embeddable":true,"href":"https:\/\/www.dallai.it\/pl\/wp-json\/wp\/v2\/product_tag?post=15931"}],"curies":[{"name":"wp","href":"https:\/\/api.w.org\/{rel}","templated":true}]}}