{"id":15979,"date":"2024-04-09T09:47:51","date_gmt":"2024-04-09T09:47:51","guid":{"rendered":"https:\/\/www.dallai.it\/product\/art-0120c-handle\/"},"modified":"2025-05-05T07:10:10","modified_gmt":"2025-05-05T07:10:10","slug":"art-0120c-handle","status":"publish","type":"product","link":"https:\/\/www.dallai.it\/pl\/produktu\/art-0120c-handle\/","title":{"rendered":"Uchwyt w\u0119\u017ca Typ D"},"content":{"rendered":"<p>Dost\u0119pna \u015brednica:<\/p>\n<p>&#8211; 100X100<\/p>\n<p>&#8211; 120X120<\/p>\n<p>&#8211; 150X150<\/p>\n","protected":false},"excerpt":{"rendered":"<p>M\u0119ski z wywa\u017conym pier\u015bcieniem drzwiowym z uchwytem<\/p>\n","protected":false},"featured_media":15980,"template":"","meta":{"_acf_changed":false,"_vp_format_video_url":"","_vp_image_focal_point":[]},"product_brand":[],"product_cat":[134,136],"product_tag":[],"class_list":{"0":"post-15979","1":"product","2":"type-product","3":"status-publish","4":"has-post-thumbnail","6":"product_cat-typ-d-pl","7":"product_cat-akcesoria-do-rozrzutnikow-obornikapl-4","9":"first","10":"instock","11":"shipping-taxable","12":"product-type-simple"},"acf":[],"_links":{"self":[{"href":"https:\/\/www.dallai.it\/pl\/wp-json\/wp\/v2\/product\/15979","targetHints":{"allow":["GET"]}}],"collection":[{"href":"https:\/\/www.dallai.it\/pl\/wp-json\/wp\/v2\/product"}],"about":[{"href":"https:\/\/www.dallai.it\/pl\/wp-json\/wp\/v2\/types\/product"}],"wp:featuredmedia":[{"embeddable":true,"href":"https:\/\/www.dallai.it\/pl\/wp-json\/wp\/v2\/media\/15980"}],"wp:attachment":[{"href":"https:\/\/www.dallai.it\/pl\/wp-json\/wp\/v2\/media?parent=15979"}],"wp:term":[{"taxonomy":"product_brand","embeddable":true,"href":"https:\/\/www.dallai.it\/pl\/wp-json\/wp\/v2\/product_brand?post=15979"},{"taxonomy":"product_cat","embeddable":true,"href":"https:\/\/www.dallai.it\/pl\/wp-json\/wp\/v2\/product_cat?post=15979"},{"taxonomy":"product_tag","embeddable":true,"href":"https:\/\/www.dallai.it\/pl\/wp-json\/wp\/v2\/product_tag?post=15979"}],"curies":[{"name":"wp","href":"https:\/\/api.w.org\/{rel}","templated":true}]}}