{"id":15993,"date":"2024-04-05T10:47:02","date_gmt":"2024-04-05T10:47:02","guid":{"rendered":"https:\/\/www.dallai.it\/product\/art-p0309c-1-eu\/"},"modified":"2025-05-05T07:17:21","modified_gmt":"2025-05-05T07:17:21","slug":"art-p0309c-1-eu","status":"publish","type":"product","link":"https:\/\/www.dallai.it\/pl\/produktu\/art-p0309c-1-eu\/","title":{"rendered":"POLYCRIMP Typ B"},"content":{"rendered":"<p>Dost\u0119pna \u015brednica:<\/p>\n<p>&#8211; 50&#215;50<\/p>\n<p>&#8211; 76&#215;75<\/p>\n<p>&#8211; 89&#215;110<\/p>\n<p>&#8211; 108&#215;110<\/p>\n<p>&#8211; 108&#215;125<\/p>\n<p>&#8211; 133&#215;160<\/p>\n<p>&#8211; 159&#215;160<\/p>\n<p>&#8211; 194&#215;225<\/p>\n<p>&#8211; *250&#215;250<\/p>\n<p>&#8211; *300&#215;315<\/p>\n<p>&#8211; *300&#215;355<\/p>\n<p>&#8211; *400&#215;450<\/p>\n","protected":false},"excerpt":{"rendered":"<p class=\"p1\">M\u0119ski z uchwytem w\u0119\u017ca POLYCRIMP i rurk\u0105 HDPE z wa\u0142kiem<\/p>\n","protected":false},"featured_media":15994,"template":"","meta":{"_acf_changed":false,"_vp_format_video_url":"","_vp_image_focal_point":[]},"product_brand":[],"product_cat":[117,84],"product_tag":[],"class_list":{"0":"post-15993","1":"product","2":"type-product","3":"status-publish","4":"has-post-thumbnail","6":"product_cat-polycrimp-pl-typ-b-pl","7":"product_cat-typ-b-pl","9":"first","10":"instock","11":"featured","12":"shipping-taxable","13":"product-type-simple"},"acf":[],"_links":{"self":[{"href":"https:\/\/www.dallai.it\/pl\/wp-json\/wp\/v2\/product\/15993","targetHints":{"allow":["GET"]}}],"collection":[{"href":"https:\/\/www.dallai.it\/pl\/wp-json\/wp\/v2\/product"}],"about":[{"href":"https:\/\/www.dallai.it\/pl\/wp-json\/wp\/v2\/types\/product"}],"wp:featuredmedia":[{"embeddable":true,"href":"https:\/\/www.dallai.it\/pl\/wp-json\/wp\/v2\/media\/15994"}],"wp:attachment":[{"href":"https:\/\/www.dallai.it\/pl\/wp-json\/wp\/v2\/media?parent=15993"}],"wp:term":[{"taxonomy":"product_brand","embeddable":true,"href":"https:\/\/www.dallai.it\/pl\/wp-json\/wp\/v2\/product_brand?post=15993"},{"taxonomy":"product_cat","embeddable":true,"href":"https:\/\/www.dallai.it\/pl\/wp-json\/wp\/v2\/product_cat?post=15993"},{"taxonomy":"product_tag","embeddable":true,"href":"https:\/\/www.dallai.it\/pl\/wp-json\/wp\/v2\/product_tag?post=15993"}],"curies":[{"name":"wp","href":"https:\/\/api.w.org\/{rel}","templated":true}]}}