{"id":16044,"date":"2024-04-09T07:53:26","date_gmt":"2024-04-09T07:53:26","guid":{"rendered":"https:\/\/www.dallai.it\/product\/art-0143c\/"},"modified":"2025-05-05T07:58:10","modified_gmt":"2025-05-05T07:58:10","slug":"art-0143c","status":"publish","type":"product","link":"https:\/\/www.dallai.it\/pl\/produktu\/art-0143c\/","title":{"rendered":"Ko\u0142nierz Typ D"},"content":{"rendered":"<p>Dost\u0119pna \u015brednica:<\/p>\n<p>&#8211; 60&#215;50<\/p>\n<p>&#8211; 80&#215;80<\/p>\n<p>&#8211; 100&#215;100<\/p>\n<p>&#8211; 120&#215;125<\/p>\n<p>&#8211; 150&#215;150<\/p>\n","protected":false},"excerpt":{"rendered":"<p>Z\u0142\u0105cze m\u0119skie z ko\u0142nierzem *EN 1092-1 ocynkowane<\/p>\n","protected":false},"featured_media":16045,"template":"","meta":{"_acf_changed":false,"_vp_format_video_url":"","_vp_image_focal_point":[]},"product_brand":[],"product_cat":[134,140],"product_tag":[],"class_list":{"0":"post-16044","1":"product","2":"type-product","3":"status-publish","4":"has-post-thumbnail","6":"product_cat-typ-d-pl","7":"product_cat-zlacza-sferyczne-pl-4-typ-d-pl","9":"first","10":"instock","11":"shipping-taxable","12":"product-type-simple"},"acf":[],"_links":{"self":[{"href":"https:\/\/www.dallai.it\/pl\/wp-json\/wp\/v2\/product\/16044","targetHints":{"allow":["GET"]}}],"collection":[{"href":"https:\/\/www.dallai.it\/pl\/wp-json\/wp\/v2\/product"}],"about":[{"href":"https:\/\/www.dallai.it\/pl\/wp-json\/wp\/v2\/types\/product"}],"wp:featuredmedia":[{"embeddable":true,"href":"https:\/\/www.dallai.it\/pl\/wp-json\/wp\/v2\/media\/16045"}],"wp:attachment":[{"href":"https:\/\/www.dallai.it\/pl\/wp-json\/wp\/v2\/media?parent=16044"}],"wp:term":[{"taxonomy":"product_brand","embeddable":true,"href":"https:\/\/www.dallai.it\/pl\/wp-json\/wp\/v2\/product_brand?post=16044"},{"taxonomy":"product_cat","embeddable":true,"href":"https:\/\/www.dallai.it\/pl\/wp-json\/wp\/v2\/product_cat?post=16044"},{"taxonomy":"product_tag","embeddable":true,"href":"https:\/\/www.dallai.it\/pl\/wp-json\/wp\/v2\/product_tag?post=16044"}],"curies":[{"name":"wp","href":"https:\/\/api.w.org\/{rel}","templated":true}]}}