{"id":16059,"date":"2024-04-02T09:37:58","date_gmt":"2024-04-02T09:37:58","guid":{"rendered":"https:\/\/www.dallai.it\/product\/art-0186c\/"},"modified":"2025-05-05T08:13:14","modified_gmt":"2025-05-05T08:13:14","slug":"art-0186c","status":"publish","type":"product","link":"https:\/\/www.dallai.it\/pl\/produktu\/art-0186c\/","title":{"rendered":"Ko\u0142nierz Typ A"},"content":{"rendered":"<p>Dost\u0119pna \u015brednica:<\/p>\n<p>&#8211; 100<\/p>\n<p>&#8211; 120<\/p>\n<p>&#8211; 150<\/p>\n<p>&#8211; 200<\/p>\n","protected":false},"excerpt":{"rendered":"<p class=\"p1\">*Ocynkowany kwadratowy ko\u0142nierz ko\u0142pakowy <\/p>\n","protected":false},"featured_media":16060,"template":"","meta":{"_acf_changed":false,"_vp_format_video_url":"","_vp_image_focal_point":[]},"product_brand":[],"product_cat":[82,103],"product_tag":[],"class_list":{"0":"post-16059","1":"product","2":"type-product","3":"status-publish","4":"has-post-thumbnail","6":"product_cat-typ-a-pl","7":"product_cat-akcesoria-do-rozrzutnikow-obornika-pl-typ-a-pl","9":"first","10":"instock","11":"featured","12":"shipping-taxable","13":"product-type-simple"},"acf":[],"_links":{"self":[{"href":"https:\/\/www.dallai.it\/pl\/wp-json\/wp\/v2\/product\/16059","targetHints":{"allow":["GET"]}}],"collection":[{"href":"https:\/\/www.dallai.it\/pl\/wp-json\/wp\/v2\/product"}],"about":[{"href":"https:\/\/www.dallai.it\/pl\/wp-json\/wp\/v2\/types\/product"}],"wp:featuredmedia":[{"embeddable":true,"href":"https:\/\/www.dallai.it\/pl\/wp-json\/wp\/v2\/media\/16060"}],"wp:attachment":[{"href":"https:\/\/www.dallai.it\/pl\/wp-json\/wp\/v2\/media?parent=16059"}],"wp:term":[{"taxonomy":"product_brand","embeddable":true,"href":"https:\/\/www.dallai.it\/pl\/wp-json\/wp\/v2\/product_brand?post=16059"},{"taxonomy":"product_cat","embeddable":true,"href":"https:\/\/www.dallai.it\/pl\/wp-json\/wp\/v2\/product_cat?post=16059"},{"taxonomy":"product_tag","embeddable":true,"href":"https:\/\/www.dallai.it\/pl\/wp-json\/wp\/v2\/product_tag?post=16059"}],"curies":[{"name":"wp","href":"https:\/\/api.w.org\/{rel}","templated":true}]}}