{"id":16067,"date":"2024-04-02T09:35:16","date_gmt":"2024-04-02T09:35:16","guid":{"rendered":"https:\/\/www.dallai.it\/product\/art-0260c\/"},"modified":"2025-05-05T08:18:05","modified_gmt":"2025-05-05T08:18:05","slug":"art-0260c","status":"publish","type":"product","link":"https:\/\/www.dallai.it\/pl\/produktu\/art-0260c\/","title":{"rendered":"Ko\u0142nierz Typ A"},"content":{"rendered":"<p>Dost\u0119pna \u015brednica:<\/p>\n<p>&#8211; 150&#215;150<\/p>\n<p>&#8211; 200&#215;200<\/p>\n","protected":false},"excerpt":{"rendered":"<p class=\"p1\">M\u0119ski z * ocynkowanym ko\u0142nierzem kwadratowym<\/p>\n","protected":false},"featured_media":16068,"template":"","meta":{"_acf_changed":false,"_vp_format_video_url":"","_vp_image_focal_point":[]},"product_brand":[],"product_cat":[82,103],"product_tag":[],"class_list":{"0":"post-16067","1":"product","2":"type-product","3":"status-publish","4":"has-post-thumbnail","6":"product_cat-typ-a-pl","7":"product_cat-akcesoria-do-rozrzutnikow-obornika-pl-typ-a-pl","9":"first","10":"instock","11":"featured","12":"shipping-taxable","13":"product-type-simple"},"acf":[],"_links":{"self":[{"href":"https:\/\/www.dallai.it\/pl\/wp-json\/wp\/v2\/product\/16067","targetHints":{"allow":["GET"]}}],"collection":[{"href":"https:\/\/www.dallai.it\/pl\/wp-json\/wp\/v2\/product"}],"about":[{"href":"https:\/\/www.dallai.it\/pl\/wp-json\/wp\/v2\/types\/product"}],"wp:featuredmedia":[{"embeddable":true,"href":"https:\/\/www.dallai.it\/pl\/wp-json\/wp\/v2\/media\/16068"}],"wp:attachment":[{"href":"https:\/\/www.dallai.it\/pl\/wp-json\/wp\/v2\/media?parent=16067"}],"wp:term":[{"taxonomy":"product_brand","embeddable":true,"href":"https:\/\/www.dallai.it\/pl\/wp-json\/wp\/v2\/product_brand?post=16067"},{"taxonomy":"product_cat","embeddable":true,"href":"https:\/\/www.dallai.it\/pl\/wp-json\/wp\/v2\/product_cat?post=16067"},{"taxonomy":"product_tag","embeddable":true,"href":"https:\/\/www.dallai.it\/pl\/wp-json\/wp\/v2\/product_tag?post=16067"}],"curies":[{"name":"wp","href":"https:\/\/api.w.org\/{rel}","templated":true}]}}