{"id":16094,"date":"2024-04-09T08:47:20","date_gmt":"2024-04-09T08:47:20","guid":{"rendered":"https:\/\/www.dallai.it\/product\/art-0174c\/"},"modified":"2025-05-05T08:30:44","modified_gmt":"2025-05-05T08:30:44","slug":"art-0174c","status":"publish","type":"product","link":"https:\/\/www.dallai.it\/pl\/produktu\/art-0174c\/","title":{"rendered":"Zaw\u00f3r denny Typ D"},"content":{"rendered":"<p>Dost\u0119pna \u015brednica:<\/p>\n<p>&#8211; 50<\/p>\n<p>&#8211; 60<\/p>\n<p>&#8211; 63<\/p>\n<p>&#8211; 76<\/p>\n<p>&#8211; 80<\/p>\n<p>&#8211; 89<\/p>\n<p>&#8211; 100<\/p>\n<p>&#8211; 108<\/p>\n<p>&#8211; 120<\/p>\n<p>&#8211; 125<\/p>\n<p>&#8211; 150<\/p>\n<p>&#8211; 159<\/p>\n","protected":false},"excerpt":{"rendered":"<p>Zaw\u00f3r denny z  kolankiem 45\u00b0z ocynkowanym uchwytem w\u0119\u017ca<\/p>\n","protected":false},"featured_media":16095,"template":"","meta":{"_acf_changed":false,"_vp_format_video_url":"","_vp_image_focal_point":[]},"product_brand":[],"product_cat":[134,144],"product_tag":[],"class_list":{"0":"post-16094","1":"product","2":"type-product","3":"status-publish","4":"has-post-thumbnail","6":"product_cat-typ-d-pl","7":"product_cat-zawor-denny-pl-4-typ-d-pl","9":"first","10":"instock","11":"shipping-taxable","12":"product-type-simple"},"acf":[],"_links":{"self":[{"href":"https:\/\/www.dallai.it\/pl\/wp-json\/wp\/v2\/product\/16094","targetHints":{"allow":["GET"]}}],"collection":[{"href":"https:\/\/www.dallai.it\/pl\/wp-json\/wp\/v2\/product"}],"about":[{"href":"https:\/\/www.dallai.it\/pl\/wp-json\/wp\/v2\/types\/product"}],"wp:featuredmedia":[{"embeddable":true,"href":"https:\/\/www.dallai.it\/pl\/wp-json\/wp\/v2\/media\/16095"}],"wp:attachment":[{"href":"https:\/\/www.dallai.it\/pl\/wp-json\/wp\/v2\/media?parent=16094"}],"wp:term":[{"taxonomy":"product_brand","embeddable":true,"href":"https:\/\/www.dallai.it\/pl\/wp-json\/wp\/v2\/product_brand?post=16094"},{"taxonomy":"product_cat","embeddable":true,"href":"https:\/\/www.dallai.it\/pl\/wp-json\/wp\/v2\/product_cat?post=16094"},{"taxonomy":"product_tag","embeddable":true,"href":"https:\/\/www.dallai.it\/pl\/wp-json\/wp\/v2\/product_tag?post=16094"}],"curies":[{"name":"wp","href":"https:\/\/api.w.org\/{rel}","templated":true}]}}