{"id":16125,"date":"2024-04-09T08:29:20","date_gmt":"2024-04-09T08:29:20","guid":{"rendered":"https:\/\/www.dallai.it\/product\/art-gv-1\/"},"modified":"2025-05-05T08:45:23","modified_gmt":"2025-05-05T08:45:23","slug":"art-gv-1","status":"publish","type":"product","link":"https:\/\/www.dallai.it\/pl\/produktu\/art-gv-1\/","title":{"rendered":"Zaw\u00f3r denny Typ D"},"content":{"rendered":"<p>Dost\u0119pna \u015brednica:<\/p>\n<p>&#8211; 60<\/p>\n<p>&#8211; 80<\/p>\n<p>&#8211; 100<\/p>\n<p>&#8211; 120<\/p>\n<p>&#8211; 150<\/p>\n","protected":false},"excerpt":{"rendered":"<p>Uszczelnienie kosza<\/p>\n","protected":false},"featured_media":16126,"template":"","meta":{"_acf_changed":false,"_vp_format_video_url":"","_vp_image_focal_point":[]},"product_brand":[],"product_cat":[134,144],"product_tag":[],"class_list":{"0":"post-16125","1":"product","2":"type-product","3":"status-publish","4":"has-post-thumbnail","6":"product_cat-typ-d-pl","7":"product_cat-zawor-denny-pl-4-typ-d-pl","9":"first","10":"instock","11":"shipping-taxable","12":"product-type-simple"},"acf":[],"_links":{"self":[{"href":"https:\/\/www.dallai.it\/pl\/wp-json\/wp\/v2\/product\/16125","targetHints":{"allow":["GET"]}}],"collection":[{"href":"https:\/\/www.dallai.it\/pl\/wp-json\/wp\/v2\/product"}],"about":[{"href":"https:\/\/www.dallai.it\/pl\/wp-json\/wp\/v2\/types\/product"}],"wp:featuredmedia":[{"embeddable":true,"href":"https:\/\/www.dallai.it\/pl\/wp-json\/wp\/v2\/media\/16126"}],"wp:attachment":[{"href":"https:\/\/www.dallai.it\/pl\/wp-json\/wp\/v2\/media?parent=16125"}],"wp:term":[{"taxonomy":"product_brand","embeddable":true,"href":"https:\/\/www.dallai.it\/pl\/wp-json\/wp\/v2\/product_brand?post=16125"},{"taxonomy":"product_cat","embeddable":true,"href":"https:\/\/www.dallai.it\/pl\/wp-json\/wp\/v2\/product_cat?post=16125"},{"taxonomy":"product_tag","embeddable":true,"href":"https:\/\/www.dallai.it\/pl\/wp-json\/wp\/v2\/product_tag?post=16125"}],"curies":[{"name":"wp","href":"https:\/\/api.w.org\/{rel}","templated":true}]}}