{"id":16131,"date":"2024-04-09T08:16:46","date_gmt":"2024-04-09T08:16:46","guid":{"rendered":"https:\/\/www.dallai.it\/product\/art-0160c-1\/"},"modified":"2025-05-05T08:48:13","modified_gmt":"2025-05-05T08:48:13","slug":"art-0160c-1","status":"publish","type":"product","link":"https:\/\/www.dallai.it\/pl\/produktu\/art-0160c-1\/","title":{"rendered":"Zaw\u00f3r denny Typ D"},"content":{"rendered":"<p>Dost\u0119pna \u015brednica:<\/p>\n<p>&#8211; 60<\/p>\n<p>&#8211; 80<\/p>\n<p>&#8211; 100<\/p>\n<p>&#8211; 120<\/p>\n<p>&#8211; 150<\/p>\n","protected":false},"excerpt":{"rendered":"<p>Zaw\u00f3r z ocynkowanym uchwytem w\u0119\u017ca<\/p>\n","protected":false},"featured_media":16132,"template":"","meta":{"_acf_changed":false,"_vp_format_video_url":"","_vp_image_focal_point":[]},"product_brand":[],"product_cat":[134,82,144,86,84],"product_tag":[],"class_list":{"0":"post-16131","1":"product","2":"type-product","3":"status-publish","4":"has-post-thumbnail","6":"product_cat-typ-d-pl","7":"product_cat-typ-a-pl","8":"product_cat-zawor-denny-pl-4-typ-d-pl","9":"product_cat-typ-c-pl","10":"product_cat-typ-b-pl","12":"first","13":"instock","14":"shipping-taxable","15":"product-type-simple"},"acf":[],"_links":{"self":[{"href":"https:\/\/www.dallai.it\/pl\/wp-json\/wp\/v2\/product\/16131","targetHints":{"allow":["GET"]}}],"collection":[{"href":"https:\/\/www.dallai.it\/pl\/wp-json\/wp\/v2\/product"}],"about":[{"href":"https:\/\/www.dallai.it\/pl\/wp-json\/wp\/v2\/types\/product"}],"wp:featuredmedia":[{"embeddable":true,"href":"https:\/\/www.dallai.it\/pl\/wp-json\/wp\/v2\/media\/16132"}],"wp:attachment":[{"href":"https:\/\/www.dallai.it\/pl\/wp-json\/wp\/v2\/media?parent=16131"}],"wp:term":[{"taxonomy":"product_brand","embeddable":true,"href":"https:\/\/www.dallai.it\/pl\/wp-json\/wp\/v2\/product_brand?post=16131"},{"taxonomy":"product_cat","embeddable":true,"href":"https:\/\/www.dallai.it\/pl\/wp-json\/wp\/v2\/product_cat?post=16131"},{"taxonomy":"product_tag","embeddable":true,"href":"https:\/\/www.dallai.it\/pl\/wp-json\/wp\/v2\/product_tag?post=16131"}],"curies":[{"name":"wp","href":"https:\/\/api.w.org\/{rel}","templated":true}]}}