{"id":16140,"date":"2024-04-09T13:48:40","date_gmt":"2024-04-09T13:48:40","guid":{"rendered":"https:\/\/www.dallai.it\/product\/art-0630c\/"},"modified":"2025-05-05T09:05:06","modified_gmt":"2025-05-05T09:05:06","slug":"art-0630c","status":"publish","type":"product","link":"https:\/\/www.dallai.it\/pl\/produktu\/art-0630c\/","title":{"rendered":"Filtr Fittings"},"content":{"rendered":"<p>Dost\u0119pna \u015brednica:<\/p>\n<p>&#8211; 40<\/p>\n<p>&#8211; 45<\/p>\n<p>&#8211; 50<\/p>\n<p>&#8211; 60<\/p>\n<p>&#8211; 63<\/p>\n<p>&#8211; 70<\/p>\n<p>&#8211; 76<\/p>\n<p>&#8211; 80<\/p>\n<p>&#8211; 89<\/p>\n<p>&#8211; 100<\/p>\n<p>&#8211; 108<\/p>\n<p>&#8211; 120<\/p>\n<p>&#8211; 125<\/p>\n<p>&#8211; 133<\/p>\n<p>&#8211; 150<\/p>\n<p>&#8211; 200<\/p>\n","protected":false},"excerpt":{"rendered":"<p>Filtr pompy samozalewowej z ocynkowanym na gor\u0105co uchwytem w\u0119\u017ca<\/p>\n","protected":false},"featured_media":16141,"template":"","meta":{"_acf_changed":false,"_vp_format_video_url":"","_vp_image_focal_point":[]},"product_brand":[],"product_cat":[101,91],"product_tag":[],"class_list":{"0":"post-16140","1":"product","2":"type-product","3":"status-publish","4":"has-post-thumbnail","6":"product_cat-akcesoria","7":"product_cat-fittings-pl","9":"first","10":"instock","11":"shipping-taxable","12":"product-type-simple"},"acf":[],"_links":{"self":[{"href":"https:\/\/www.dallai.it\/pl\/wp-json\/wp\/v2\/product\/16140","targetHints":{"allow":["GET"]}}],"collection":[{"href":"https:\/\/www.dallai.it\/pl\/wp-json\/wp\/v2\/product"}],"about":[{"href":"https:\/\/www.dallai.it\/pl\/wp-json\/wp\/v2\/types\/product"}],"wp:featuredmedia":[{"embeddable":true,"href":"https:\/\/www.dallai.it\/pl\/wp-json\/wp\/v2\/media\/16141"}],"wp:attachment":[{"href":"https:\/\/www.dallai.it\/pl\/wp-json\/wp\/v2\/media?parent=16140"}],"wp:term":[{"taxonomy":"product_brand","embeddable":true,"href":"https:\/\/www.dallai.it\/pl\/wp-json\/wp\/v2\/product_brand?post=16140"},{"taxonomy":"product_cat","embeddable":true,"href":"https:\/\/www.dallai.it\/pl\/wp-json\/wp\/v2\/product_cat?post=16140"},{"taxonomy":"product_tag","embeddable":true,"href":"https:\/\/www.dallai.it\/pl\/wp-json\/wp\/v2\/product_tag?post=16140"}],"curies":[{"name":"wp","href":"https:\/\/api.w.org\/{rel}","templated":true}]}}