{"id":16154,"date":"2024-04-03T15:38:39","date_gmt":"2024-04-03T15:38:39","guid":{"rendered":"https:\/\/www.dallai.it\/product\/art-0939c-1\/"},"modified":"2025-05-05T09:44:49","modified_gmt":"2025-05-05T09:44:49","slug":"art-0939c-1","status":"publish","type":"product","link":"https:\/\/www.dallai.it\/pl\/produktu\/art-0939c-1\/","title":{"rendered":"Filtr drena\u017cowy Typ B"},"content":{"rendered":"<p>Dost\u0119pna \u015brednica:<\/p>\n<p>-50<\/p>\n<p>-76<\/p>\n<p>-89<\/p>\n<p>-108<\/p>\n<p>-159<\/p>\n<p>-194<\/p>\n<p>-*250<\/p>\n<p>-*300<\/p>\n","protected":false},"excerpt":{"rendered":"<p class=\"p1\">Filtr drena\u017cowy z ocynkowanym gwintem m\u0119skim typu B<\/p>\n","protected":false},"featured_media":16155,"template":"","meta":{"_acf_changed":false,"_vp_format_video_url":"","_vp_image_focal_point":[]},"product_brand":[],"product_cat":[123,84],"product_tag":[],"class_list":{"0":"post-16154","1":"product","2":"type-product","3":"status-publish","4":"has-post-thumbnail","6":"product_cat-zawor-denny-typ-b-pl","7":"product_cat-typ-b-pl","9":"first","10":"instock","11":"featured","12":"shipping-taxable","13":"product-type-simple"},"acf":[],"_links":{"self":[{"href":"https:\/\/www.dallai.it\/pl\/wp-json\/wp\/v2\/product\/16154","targetHints":{"allow":["GET"]}}],"collection":[{"href":"https:\/\/www.dallai.it\/pl\/wp-json\/wp\/v2\/product"}],"about":[{"href":"https:\/\/www.dallai.it\/pl\/wp-json\/wp\/v2\/types\/product"}],"wp:featuredmedia":[{"embeddable":true,"href":"https:\/\/www.dallai.it\/pl\/wp-json\/wp\/v2\/media\/16155"}],"wp:attachment":[{"href":"https:\/\/www.dallai.it\/pl\/wp-json\/wp\/v2\/media?parent=16154"}],"wp:term":[{"taxonomy":"product_brand","embeddable":true,"href":"https:\/\/www.dallai.it\/pl\/wp-json\/wp\/v2\/product_brand?post=16154"},{"taxonomy":"product_cat","embeddable":true,"href":"https:\/\/www.dallai.it\/pl\/wp-json\/wp\/v2\/product_cat?post=16154"},{"taxonomy":"product_tag","embeddable":true,"href":"https:\/\/www.dallai.it\/pl\/wp-json\/wp\/v2\/product_tag?post=16154"}],"curies":[{"name":"wp","href":"https:\/\/api.w.org\/{rel}","templated":true}]}}