{"id":16242,"date":"2024-04-09T07:53:25","date_gmt":"2024-04-09T07:53:25","guid":{"rendered":"https:\/\/www.dallai.it\/product\/art-0141c\/"},"modified":"2025-05-05T10:26:07","modified_gmt":"2025-05-05T10:26:07","slug":"art-0141c","status":"publish","type":"product","link":"https:\/\/www.dallai.it\/pl\/produktu\/art-0141c\/","title":{"rendered":"Bocznik Typ D"},"content":{"rendered":"<p>Dost\u0119pna \u015brednica:<\/p>\n<p>&#8211; 60-60-60<\/p>\n<p>&#8211; 80-80-80<\/p>\n<p>&#8211; 100-100-100<\/p>\n<p>&#8211; 120-120-120<\/p>\n<p>&#8211; 150-150-150<\/p>\n","protected":false},"excerpt":{"rendered":"<p>Kulisty bocznik w kszta\u0142cie litery Y z ocynkowanym wylotem \u017ce\u0144skim<\/p>\n","protected":false},"featured_media":16243,"template":"","meta":{"_acf_changed":false,"_vp_format_video_url":"","_vp_image_focal_point":[]},"product_brand":[],"product_cat":[134,140],"product_tag":[],"class_list":{"0":"post-16242","1":"product","2":"type-product","3":"status-publish","4":"has-post-thumbnail","6":"product_cat-typ-d-pl","7":"product_cat-zlacza-sferyczne-pl-4-typ-d-pl","9":"first","10":"instock","11":"shipping-taxable","12":"product-type-simple"},"acf":[],"_links":{"self":[{"href":"https:\/\/www.dallai.it\/pl\/wp-json\/wp\/v2\/product\/16242","targetHints":{"allow":["GET"]}}],"collection":[{"href":"https:\/\/www.dallai.it\/pl\/wp-json\/wp\/v2\/product"}],"about":[{"href":"https:\/\/www.dallai.it\/pl\/wp-json\/wp\/v2\/types\/product"}],"wp:featuredmedia":[{"embeddable":true,"href":"https:\/\/www.dallai.it\/pl\/wp-json\/wp\/v2\/media\/16243"}],"wp:attachment":[{"href":"https:\/\/www.dallai.it\/pl\/wp-json\/wp\/v2\/media?parent=16242"}],"wp:term":[{"taxonomy":"product_brand","embeddable":true,"href":"https:\/\/www.dallai.it\/pl\/wp-json\/wp\/v2\/product_brand?post=16242"},{"taxonomy":"product_cat","embeddable":true,"href":"https:\/\/www.dallai.it\/pl\/wp-json\/wp\/v2\/product_cat?post=16242"},{"taxonomy":"product_tag","embeddable":true,"href":"https:\/\/www.dallai.it\/pl\/wp-json\/wp\/v2\/product_tag?post=16242"}],"curies":[{"name":"wp","href":"https:\/\/api.w.org\/{rel}","templated":true}]}}