{"id":16263,"date":"2024-04-08T10:28:14","date_gmt":"2024-04-08T10:28:14","guid":{"rendered":"https:\/\/www.dallai.it\/product\/art-0730\/"},"modified":"2025-05-05T10:36:28","modified_gmt":"2025-05-05T10:36:28","slug":"art-0730","status":"publish","type":"product","link":"https:\/\/www.dallai.it\/pl\/produktu\/art-0730\/","title":{"rendered":"Valvola Tipo Ci"},"content":{"rendered":"<p>Dost\u0119pna \u015brednica:<\/p>\n<p>-11\/2\u201d<\/p>\n<p>-2\u201d<\/p>\n<p>-21\/2\u201d<\/p>\n","protected":false},"excerpt":{"rendered":"<p class=\"p1\">Zaw\u00f3r kulowy \u017ce\u0144ski<\/p>\n","protected":false},"featured_media":16264,"template":"","meta":{"_acf_changed":false,"_vp_format_video_url":"","_vp_image_focal_point":[]},"product_brand":[],"product_cat":[133,88],"product_tag":[],"class_list":{"0":"post-16263","1":"product","2":"type-product","3":"status-publish","4":"has-post-thumbnail","6":"product_cat-zintegrowane-zlacza-pokrywy-typ-ci-pl","7":"product_cat-typ-ci-pl","9":"first","10":"instock","11":"shipping-taxable","12":"product-type-simple"},"acf":[],"_links":{"self":[{"href":"https:\/\/www.dallai.it\/pl\/wp-json\/wp\/v2\/product\/16263","targetHints":{"allow":["GET"]}}],"collection":[{"href":"https:\/\/www.dallai.it\/pl\/wp-json\/wp\/v2\/product"}],"about":[{"href":"https:\/\/www.dallai.it\/pl\/wp-json\/wp\/v2\/types\/product"}],"wp:featuredmedia":[{"embeddable":true,"href":"https:\/\/www.dallai.it\/pl\/wp-json\/wp\/v2\/media\/16264"}],"wp:attachment":[{"href":"https:\/\/www.dallai.it\/pl\/wp-json\/wp\/v2\/media?parent=16263"}],"wp:term":[{"taxonomy":"product_brand","embeddable":true,"href":"https:\/\/www.dallai.it\/pl\/wp-json\/wp\/v2\/product_brand?post=16263"},{"taxonomy":"product_cat","embeddable":true,"href":"https:\/\/www.dallai.it\/pl\/wp-json\/wp\/v2\/product_cat?post=16263"},{"taxonomy":"product_tag","embeddable":true,"href":"https:\/\/www.dallai.it\/pl\/wp-json\/wp\/v2\/product_tag?post=16263"}],"curies":[{"name":"wp","href":"https:\/\/api.w.org\/{rel}","templated":true}]}}