{"id":16292,"date":"2024-04-03T12:51:47","date_gmt":"2024-04-03T12:51:47","guid":{"rendered":"https:\/\/www.dallai.it\/product\/art-0337c\/"},"modified":"2025-05-05T10:57:52","modified_gmt":"2025-05-05T10:57:52","slug":"art-0337c","status":"publish","type":"product","link":"https:\/\/www.dallai.it\/pl\/produktu\/art-0337c\/","title":{"rendered":"Bocznik  Typ B"},"content":{"rendered":"<p>Dost\u0119pna \u015brednica:<\/p>\n<p>-50-50-50<\/p>\n<p>-76-76-76<\/p>\n<p>-89-89-89<\/p>\n<p>-108-108-108<\/p>\n<p>-133-133-133<\/p>\n<p>-159-159-159<\/p>\n<p>-194-194-194<\/p>\n<p>-*250-250-250<\/p>\n<p>-*300-300-300<\/p>\n<p>-*400-400-400<\/p>\n<p>-*450-450-450<\/p>\n","protected":false},"excerpt":{"rendered":"<p class=\"p1\">Kulisty bocznik w kszta\u0142cie litery Y z ocynkowanym wylotem \u017ce\u0144skim<\/p>\n","protected":false},"featured_media":16293,"template":"","meta":{"_acf_changed":false,"_vp_format_video_url":"","_vp_image_focal_point":[]},"product_brand":[],"product_cat":[119,84],"product_tag":[],"class_list":{"0":"post-16292","1":"product","2":"type-product","3":"status-publish","4":"has-post-thumbnail","6":"product_cat-zlacza-sferyczne-pl-2","7":"product_cat-typ-b-pl","9":"first","10":"instock","11":"featured","12":"shipping-taxable","13":"product-type-simple"},"acf":[],"_links":{"self":[{"href":"https:\/\/www.dallai.it\/pl\/wp-json\/wp\/v2\/product\/16292","targetHints":{"allow":["GET"]}}],"collection":[{"href":"https:\/\/www.dallai.it\/pl\/wp-json\/wp\/v2\/product"}],"about":[{"href":"https:\/\/www.dallai.it\/pl\/wp-json\/wp\/v2\/types\/product"}],"wp:featuredmedia":[{"embeddable":true,"href":"https:\/\/www.dallai.it\/pl\/wp-json\/wp\/v2\/media\/16293"}],"wp:attachment":[{"href":"https:\/\/www.dallai.it\/pl\/wp-json\/wp\/v2\/media?parent=16292"}],"wp:term":[{"taxonomy":"product_brand","embeddable":true,"href":"https:\/\/www.dallai.it\/pl\/wp-json\/wp\/v2\/product_brand?post=16292"},{"taxonomy":"product_cat","embeddable":true,"href":"https:\/\/www.dallai.it\/pl\/wp-json\/wp\/v2\/product_cat?post=16292"},{"taxonomy":"product_tag","embeddable":true,"href":"https:\/\/www.dallai.it\/pl\/wp-json\/wp\/v2\/product_tag?post=16292"}],"curies":[{"name":"wp","href":"https:\/\/api.w.org\/{rel}","templated":true}]}}