{"id":16300,"date":"2024-04-03T12:48:10","date_gmt":"2024-04-03T12:48:10","guid":{"rendered":"https:\/\/www.dallai.it\/product\/art-0322c-npt\/"},"modified":"2025-05-06T09:40:45","modified_gmt":"2025-05-06T09:40:45","slug":"art-0322c-npt","status":"publish","type":"product","link":"https:\/\/www.dallai.it\/pl\/produktu\/art-0322c-npt\/","title":{"rendered":"Bocznik Typ B"},"content":{"rendered":"<p>Dost\u0119pna \u015brednica<\/p>\n<p>&#8211; 108&#215;2\u201d<\/p>\n<p>&#8211; 159&#215;3\u201d<\/p>\n<p>&#8211; 194&#215;4\u201d<\/p>\n<p>&#8211; *250&#215;4\u201d<\/p>\n<p>&#8211; *300&#215;4\u201d<\/p>\n<p>&#8211; *400&#215;4&#8243;<\/p>\n<p>&#8211; *450&#215;4&#8243;<\/p>\n","protected":false},"excerpt":{"rendered":"<p class=\"p1\">Otw\u00f3r wentylacyjny z gwintowanym kr\u00f3\u0107cem Npt, ocynkowany.<\/p>\n","protected":false},"featured_media":16301,"template":"","meta":{"_acf_changed":false,"_vp_format_video_url":"","_vp_image_focal_point":[]},"product_brand":[],"product_cat":[119,84],"product_tag":[],"class_list":{"0":"post-16300","1":"product","2":"type-product","3":"status-publish","4":"has-post-thumbnail","6":"product_cat-zlacza-sferyczne-pl-2","7":"product_cat-typ-b-pl","9":"first","10":"instock","11":"featured","12":"shipping-taxable","13":"product-type-simple"},"acf":[],"_links":{"self":[{"href":"https:\/\/www.dallai.it\/pl\/wp-json\/wp\/v2\/product\/16300","targetHints":{"allow":["GET"]}}],"collection":[{"href":"https:\/\/www.dallai.it\/pl\/wp-json\/wp\/v2\/product"}],"about":[{"href":"https:\/\/www.dallai.it\/pl\/wp-json\/wp\/v2\/types\/product"}],"wp:featuredmedia":[{"embeddable":true,"href":"https:\/\/www.dallai.it\/pl\/wp-json\/wp\/v2\/media\/16301"}],"wp:attachment":[{"href":"https:\/\/www.dallai.it\/pl\/wp-json\/wp\/v2\/media?parent=16300"}],"wp:term":[{"taxonomy":"product_brand","embeddable":true,"href":"https:\/\/www.dallai.it\/pl\/wp-json\/wp\/v2\/product_brand?post=16300"},{"taxonomy":"product_cat","embeddable":true,"href":"https:\/\/www.dallai.it\/pl\/wp-json\/wp\/v2\/product_cat?post=16300"},{"taxonomy":"product_tag","embeddable":true,"href":"https:\/\/www.dallai.it\/pl\/wp-json\/wp\/v2\/product_tag?post=16300"}],"curies":[{"name":"wp","href":"https:\/\/api.w.org\/{rel}","templated":true}]}}