{"id":16381,"date":"2024-04-08T09:10:15","date_gmt":"2024-04-08T09:10:15","guid":{"rendered":"https:\/\/www.dallai.it\/product\/art-1403x\/"},"modified":"2025-05-07T14:40:18","modified_gmt":"2025-05-07T14:40:18","slug":"art-1403x","status":"publish","type":"product","link":"https:\/\/www.dallai.it\/pl\/produktu\/art-1403x\/","title":{"rendered":"Z\u0142\u0105czka Typ C"},"content":{"rendered":"<p>Dost\u0119pna \u015brednica:<\/p>\n<p>&#8211; 50<\/p>\n<p>&#8211; 70<\/p>\n<p>&#8211; 89<\/p>\n<p>&#8211; 108<\/p>\n<p>&#8211; 133<\/p>\n<p>&#8211; 159<\/p>\n","protected":false},"excerpt":{"rendered":"<p>\u017be\u0144ska z uszczelk\u0105 <\/p>\n","protected":false},"featured_media":16382,"template":"","meta":{"_acf_changed":false,"_vp_format_video_url":"","_vp_image_focal_point":[]},"product_brand":[],"product_cat":[93,86],"product_tag":[],"class_list":{"0":"post-16381","1":"product","2":"type-product","3":"status-publish","4":"has-post-thumbnail","6":"product_cat-nierdzewny-typ-c-pl","7":"product_cat-typ-c-pl","9":"first","10":"instock","11":"shipping-taxable","12":"product-type-simple"},"acf":[],"_links":{"self":[{"href":"https:\/\/www.dallai.it\/pl\/wp-json\/wp\/v2\/product\/16381","targetHints":{"allow":["GET"]}}],"collection":[{"href":"https:\/\/www.dallai.it\/pl\/wp-json\/wp\/v2\/product"}],"about":[{"href":"https:\/\/www.dallai.it\/pl\/wp-json\/wp\/v2\/types\/product"}],"wp:featuredmedia":[{"embeddable":true,"href":"https:\/\/www.dallai.it\/pl\/wp-json\/wp\/v2\/media\/16382"}],"wp:attachment":[{"href":"https:\/\/www.dallai.it\/pl\/wp-json\/wp\/v2\/media?parent=16381"}],"wp:term":[{"taxonomy":"product_brand","embeddable":true,"href":"https:\/\/www.dallai.it\/pl\/wp-json\/wp\/v2\/product_brand?post=16381"},{"taxonomy":"product_cat","embeddable":true,"href":"https:\/\/www.dallai.it\/pl\/wp-json\/wp\/v2\/product_cat?post=16381"},{"taxonomy":"product_tag","embeddable":true,"href":"https:\/\/www.dallai.it\/pl\/wp-json\/wp\/v2\/product_tag?post=16381"}],"curies":[{"name":"wp","href":"https:\/\/api.w.org\/{rel}","templated":true}]}}