{"id":16388,"date":"2024-04-08T09:01:33","date_gmt":"2024-04-08T09:01:33","guid":{"rendered":"https:\/\/www.dallai.it\/product\/art-0449c-1\/"},"modified":"2025-05-07T14:43:43","modified_gmt":"2025-05-07T14:43:43","slug":"art-0449c-1","status":"publish","type":"product","link":"https:\/\/www.dallai.it\/pl\/produktu\/art-0449c-1\/","title":{"rendered":"Kolanko Typ C"},"content":{"rendered":"<p>Dost\u0119pna \u015brednica:<\/p>\n<p>&#8211; 159<\/p>\n","protected":false},"excerpt":{"rendered":"<p>Kolanko 45\u00b0 z gumowym sto\u017ckiem rozprowadzaj\u0105cym wod\u0119 i ocynkowanym gwintem m\u0119skim<\/p>\n","protected":false},"featured_media":16389,"template":"","meta":{"_acf_changed":false,"_vp_format_video_url":"","_vp_image_focal_point":[]},"product_brand":[],"product_cat":[125,86],"product_tag":[],"class_list":{"0":"post-16388","1":"product","2":"type-product","3":"status-publish","4":"has-post-thumbnail","6":"product_cat-akcesoria-do-rozrzutnikow-obornika","7":"product_cat-typ-c-pl","9":"first","10":"instock","11":"shipping-taxable","12":"product-type-simple"},"acf":[],"_links":{"self":[{"href":"https:\/\/www.dallai.it\/pl\/wp-json\/wp\/v2\/product\/16388","targetHints":{"allow":["GET"]}}],"collection":[{"href":"https:\/\/www.dallai.it\/pl\/wp-json\/wp\/v2\/product"}],"about":[{"href":"https:\/\/www.dallai.it\/pl\/wp-json\/wp\/v2\/types\/product"}],"wp:featuredmedia":[{"embeddable":true,"href":"https:\/\/www.dallai.it\/pl\/wp-json\/wp\/v2\/media\/16389"}],"wp:attachment":[{"href":"https:\/\/www.dallai.it\/pl\/wp-json\/wp\/v2\/media?parent=16388"}],"wp:term":[{"taxonomy":"product_brand","embeddable":true,"href":"https:\/\/www.dallai.it\/pl\/wp-json\/wp\/v2\/product_brand?post=16388"},{"taxonomy":"product_cat","embeddable":true,"href":"https:\/\/www.dallai.it\/pl\/wp-json\/wp\/v2\/product_cat?post=16388"},{"taxonomy":"product_tag","embeddable":true,"href":"https:\/\/www.dallai.it\/pl\/wp-json\/wp\/v2\/product_tag?post=16388"}],"curies":[{"name":"wp","href":"https:\/\/api.w.org\/{rel}","templated":true}]}}