{"id":16400,"date":"2024-04-08T08:51:48","date_gmt":"2024-04-08T08:51:48","guid":{"rendered":"https:\/\/www.dallai.it\/product\/art-0458c\/"},"modified":"2025-05-07T15:03:29","modified_gmt":"2025-05-07T15:03:29","slug":"art-0458c","status":"publish","type":"product","link":"https:\/\/www.dallai.it\/pl\/produktu\/art-0458c\/","title":{"rendered":"Kolanko Typ C"},"content":{"rendered":"<p>Dost\u0119pna \u015brednica:<\/p>\n<p>&#8211; 89&#215;76<\/p>\n<p>&#8211; 108&#215;100<\/p>\n<p>&#8211; 133&#215;125<\/p>\n<p>&#8211; 159&#215;150<\/p>\n<p>&#8211; 216&#215;200<\/p>\n","protected":false},"excerpt":{"rendered":"<p>Kolanko 90\u00b0 z gwintem m\u0119skim i ocynkowanym uchwytem w\u0119\u017ca<\/p>\n","protected":false},"featured_media":16401,"template":"","meta":{"_acf_changed":false,"_vp_format_video_url":"","_vp_image_focal_point":[]},"product_brand":[],"product_cat":[125,86],"product_tag":[],"class_list":{"0":"post-16400","1":"product","2":"type-product","3":"status-publish","4":"has-post-thumbnail","6":"product_cat-akcesoria-do-rozrzutnikow-obornika","7":"product_cat-typ-c-pl","9":"first","10":"instock","11":"shipping-taxable","12":"product-type-simple"},"acf":[],"_links":{"self":[{"href":"https:\/\/www.dallai.it\/pl\/wp-json\/wp\/v2\/product\/16400","targetHints":{"allow":["GET"]}}],"collection":[{"href":"https:\/\/www.dallai.it\/pl\/wp-json\/wp\/v2\/product"}],"about":[{"href":"https:\/\/www.dallai.it\/pl\/wp-json\/wp\/v2\/types\/product"}],"wp:featuredmedia":[{"embeddable":true,"href":"https:\/\/www.dallai.it\/pl\/wp-json\/wp\/v2\/media\/16401"}],"wp:attachment":[{"href":"https:\/\/www.dallai.it\/pl\/wp-json\/wp\/v2\/media?parent=16400"}],"wp:term":[{"taxonomy":"product_brand","embeddable":true,"href":"https:\/\/www.dallai.it\/pl\/wp-json\/wp\/v2\/product_brand?post=16400"},{"taxonomy":"product_cat","embeddable":true,"href":"https:\/\/www.dallai.it\/pl\/wp-json\/wp\/v2\/product_cat?post=16400"},{"taxonomy":"product_tag","embeddable":true,"href":"https:\/\/www.dallai.it\/pl\/wp-json\/wp\/v2\/product_tag?post=16400"}],"curies":[{"name":"wp","href":"https:\/\/api.w.org\/{rel}","templated":true}]}}