{"id":16425,"date":"2024-04-05T10:35:04","date_gmt":"2024-04-05T10:35:04","guid":{"rendered":"https:\/\/www.dallai.it\/product\/art-1314x\/"},"modified":"2025-05-08T06:52:36","modified_gmt":"2025-05-08T06:52:36","slug":"art-1314x","status":"publish","type":"product","link":"https:\/\/www.dallai.it\/pl\/produktu\/art-1314x\/","title":{"rendered":"Ko\u0142nierz Typ B"},"content":{"rendered":"<p>Dost\u0119pna \u015brednica:<\/p>\n<p>&#8211; 108&#215;100<\/p>\n<p>&#8211; 133&#215;125<\/p>\n<p>&#8211; 159&#215;150<\/p>\n","protected":false},"excerpt":{"rendered":"<p class=\"p1\">Z\u0142\u0105cze \u017ce\u0144skie z ko\u0142nierzem ** redukcja EN 1092-1<\/p>\n","protected":false},"featured_media":16048,"template":"","meta":{"_acf_changed":false,"_vp_format_video_url":"","_vp_image_focal_point":[]},"product_brand":[],"product_cat":[115,84],"product_tag":[],"class_list":{"0":"post-16425","1":"product","2":"type-product","3":"status-publish","4":"has-post-thumbnail","6":"product_cat-nierdzewny-pl-3","7":"product_cat-typ-b-pl","9":"first","10":"instock","11":"featured","12":"shipping-taxable","13":"product-type-simple"},"acf":[],"_links":{"self":[{"href":"https:\/\/www.dallai.it\/pl\/wp-json\/wp\/v2\/product\/16425","targetHints":{"allow":["GET"]}}],"collection":[{"href":"https:\/\/www.dallai.it\/pl\/wp-json\/wp\/v2\/product"}],"about":[{"href":"https:\/\/www.dallai.it\/pl\/wp-json\/wp\/v2\/types\/product"}],"wp:featuredmedia":[{"embeddable":true,"href":"https:\/\/www.dallai.it\/pl\/wp-json\/wp\/v2\/media\/16048"}],"wp:attachment":[{"href":"https:\/\/www.dallai.it\/pl\/wp-json\/wp\/v2\/media?parent=16425"}],"wp:term":[{"taxonomy":"product_brand","embeddable":true,"href":"https:\/\/www.dallai.it\/pl\/wp-json\/wp\/v2\/product_brand?post=16425"},{"taxonomy":"product_cat","embeddable":true,"href":"https:\/\/www.dallai.it\/pl\/wp-json\/wp\/v2\/product_cat?post=16425"},{"taxonomy":"product_tag","embeddable":true,"href":"https:\/\/www.dallai.it\/pl\/wp-json\/wp\/v2\/product_tag?post=16425"}],"curies":[{"name":"wp","href":"https:\/\/api.w.org\/{rel}","templated":true}]}}