{"id":16427,"date":"2024-04-05T10:19:46","date_gmt":"2024-04-05T10:19:46","guid":{"rendered":"https:\/\/www.dallai.it\/product\/art-1313x\/"},"modified":"2025-05-08T07:02:39","modified_gmt":"2025-05-08T07:02:39","slug":"art-1313x","status":"publish","type":"product","link":"https:\/\/www.dallai.it\/pl\/produktu\/art-1313x\/","title":{"rendered":"Ko\u0142nierz Typ B"},"content":{"rendered":"<p>Dost\u0119pna \u015brednica:<\/p>\n<p>-108&#215;100<\/p>\n<p>-133&#215;125<\/p>\n<p>-159&#215;150<\/p>\n","protected":false},"excerpt":{"rendered":"<p class=\"p1\">Z\u0142\u0105cze m\u0119skie z ko\u0142nierzem redukcyjnym **EN 1092-1<\/p>\n","protected":false},"featured_media":16055,"template":"","meta":{"_acf_changed":false,"_vp_format_video_url":"","_vp_image_focal_point":[]},"product_brand":[],"product_cat":[115,84],"product_tag":[],"class_list":{"0":"post-16427","1":"product","2":"type-product","3":"status-publish","4":"has-post-thumbnail","6":"product_cat-nierdzewny-pl-3","7":"product_cat-typ-b-pl","9":"first","10":"instock","11":"featured","12":"shipping-taxable","13":"product-type-simple"},"acf":[],"_links":{"self":[{"href":"https:\/\/www.dallai.it\/pl\/wp-json\/wp\/v2\/product\/16427","targetHints":{"allow":["GET"]}}],"collection":[{"href":"https:\/\/www.dallai.it\/pl\/wp-json\/wp\/v2\/product"}],"about":[{"href":"https:\/\/www.dallai.it\/pl\/wp-json\/wp\/v2\/types\/product"}],"wp:featuredmedia":[{"embeddable":true,"href":"https:\/\/www.dallai.it\/pl\/wp-json\/wp\/v2\/media\/16055"}],"wp:attachment":[{"href":"https:\/\/www.dallai.it\/pl\/wp-json\/wp\/v2\/media?parent=16427"}],"wp:term":[{"taxonomy":"product_brand","embeddable":true,"href":"https:\/\/www.dallai.it\/pl\/wp-json\/wp\/v2\/product_brand?post=16427"},{"taxonomy":"product_cat","embeddable":true,"href":"https:\/\/www.dallai.it\/pl\/wp-json\/wp\/v2\/product_cat?post=16427"},{"taxonomy":"product_tag","embeddable":true,"href":"https:\/\/www.dallai.it\/pl\/wp-json\/wp\/v2\/product_tag?post=16427"}],"curies":[{"name":"wp","href":"https:\/\/api.w.org\/{rel}","templated":true}]}}