{"id":16436,"date":"2024-04-05T10:13:19","date_gmt":"2024-04-05T10:13:19","guid":{"rendered":"https:\/\/www.dallai.it\/product\/art-1310x-1\/"},"modified":"2025-05-08T07:07:04","modified_gmt":"2025-05-08T07:07:04","slug":"art-1310x-1","status":"publish","type":"product","link":"https:\/\/www.dallai.it\/pl\/produktu\/art-1310x-1\/","title":{"rendered":"Uchwyt w\u0119\u017ca Typ B"},"content":{"rendered":"<p>Dost\u0119pna \u015brednica:<\/p>\n<p>&#8211; 50&#215;50<\/p>\n<p>&#8211; 76&#215;63<\/p>\n<p>&#8211; 76&#215;76<\/p>\n<p>&#8211; 89&#215;76<\/p>\n<p>&#8211; 89&#215;80<\/p>\n<p>&#8211; 89&#215;89<\/p>\n<p>&#8211; 108&#215;100<\/p>\n<p>&#8211; 159&#215;150<\/p>\n<p>&#8211; 194&#215;200<\/p>\n","protected":false},"excerpt":{"rendered":"<p class=\"p1\">\u017be\u0144ski<\/p>\n","protected":false},"featured_media":16437,"template":"","meta":{"_acf_changed":false,"_vp_format_video_url":"","_vp_image_focal_point":[]},"product_brand":[],"product_cat":[115,84],"product_tag":[],"class_list":{"0":"post-16436","1":"product","2":"type-product","3":"status-publish","4":"has-post-thumbnail","6":"product_cat-nierdzewny-pl-3","7":"product_cat-typ-b-pl","9":"first","10":"instock","11":"featured","12":"shipping-taxable","13":"product-type-simple"},"acf":[],"_links":{"self":[{"href":"https:\/\/www.dallai.it\/pl\/wp-json\/wp\/v2\/product\/16436","targetHints":{"allow":["GET"]}}],"collection":[{"href":"https:\/\/www.dallai.it\/pl\/wp-json\/wp\/v2\/product"}],"about":[{"href":"https:\/\/www.dallai.it\/pl\/wp-json\/wp\/v2\/types\/product"}],"wp:featuredmedia":[{"embeddable":true,"href":"https:\/\/www.dallai.it\/pl\/wp-json\/wp\/v2\/media\/16437"}],"wp:attachment":[{"href":"https:\/\/www.dallai.it\/pl\/wp-json\/wp\/v2\/media?parent=16436"}],"wp:term":[{"taxonomy":"product_brand","embeddable":true,"href":"https:\/\/www.dallai.it\/pl\/wp-json\/wp\/v2\/product_brand?post=16436"},{"taxonomy":"product_cat","embeddable":true,"href":"https:\/\/www.dallai.it\/pl\/wp-json\/wp\/v2\/product_cat?post=16436"},{"taxonomy":"product_tag","embeddable":true,"href":"https:\/\/www.dallai.it\/pl\/wp-json\/wp\/v2\/product_tag?post=16436"}],"curies":[{"name":"wp","href":"https:\/\/api.w.org\/{rel}","templated":true}]}}