{"id":16448,"date":"2024-04-05T09:59:54","date_gmt":"2024-04-05T09:59:54","guid":{"rendered":"https:\/\/www.dallai.it\/product\/art-1304x\/"},"modified":"2025-05-08T07:11:21","modified_gmt":"2025-05-08T07:11:21","slug":"art-1304x","status":"publish","type":"product","link":"https:\/\/www.dallai.it\/pl\/produktu\/art-1304x\/","title":{"rendered":"Z\u0142\u0105czki Typ B"},"content":{"rendered":"<p>Dost\u0119pna \u015brednica:<\/p>\n<p>&#8211; 159<\/p>\n<p>&#8211; 194<\/p>\n<p>&#8211; 250<\/p>\n","protected":false},"excerpt":{"rendered":"<p class=\"p1\">Wa\u0142ek ze stali nierdzewnej<\/p>\n","protected":false},"featured_media":16449,"template":"","meta":{"_acf_changed":false,"_vp_format_video_url":"","_vp_image_focal_point":[]},"product_brand":[],"product_cat":[115,84],"product_tag":[],"class_list":{"0":"post-16448","1":"product","2":"type-product","3":"status-publish","4":"has-post-thumbnail","6":"product_cat-nierdzewny-pl-3","7":"product_cat-typ-b-pl","9":"first","10":"instock","11":"featured","12":"shipping-taxable","13":"product-type-simple"},"acf":[],"_links":{"self":[{"href":"https:\/\/www.dallai.it\/pl\/wp-json\/wp\/v2\/product\/16448","targetHints":{"allow":["GET"]}}],"collection":[{"href":"https:\/\/www.dallai.it\/pl\/wp-json\/wp\/v2\/product"}],"about":[{"href":"https:\/\/www.dallai.it\/pl\/wp-json\/wp\/v2\/types\/product"}],"wp:featuredmedia":[{"embeddable":true,"href":"https:\/\/www.dallai.it\/pl\/wp-json\/wp\/v2\/media\/16449"}],"wp:attachment":[{"href":"https:\/\/www.dallai.it\/pl\/wp-json\/wp\/v2\/media?parent=16448"}],"wp:term":[{"taxonomy":"product_brand","embeddable":true,"href":"https:\/\/www.dallai.it\/pl\/wp-json\/wp\/v2\/product_brand?post=16448"},{"taxonomy":"product_cat","embeddable":true,"href":"https:\/\/www.dallai.it\/pl\/wp-json\/wp\/v2\/product_cat?post=16448"},{"taxonomy":"product_tag","embeddable":true,"href":"https:\/\/www.dallai.it\/pl\/wp-json\/wp\/v2\/product_tag?post=16448"}],"curies":[{"name":"wp","href":"https:\/\/api.w.org\/{rel}","templated":true}]}}