{"id":16469,"date":"2024-04-05T09:39:59","date_gmt":"2024-04-05T09:39:59","guid":{"rendered":"https:\/\/www.dallai.it\/product\/art-0350c\/"},"modified":"2025-05-08T07:18:25","modified_gmt":"2025-05-08T07:18:25","slug":"art-0350c","status":"publish","type":"product","link":"https:\/\/www.dallai.it\/pl\/produktu\/art-0350c\/","title":{"rendered":"Ko\u0142nierz Typ B"},"content":{"rendered":"<p>Dost\u0119pna \u015brednica:<\/p>\n<p>&#8211; 100&#215;108<\/p>\n<p>&#8211; 120&#215;133<\/p>\n<p>&#8211; 150&#215;159<\/p>\n<p>&#8211; 200&#215;194<\/p>\n","protected":false},"excerpt":{"rendered":"<p class=\"p1\">M\u0119ski  z * ocynkowanym ko\u0142nierzem kwadratowym<\/p>\n","protected":false},"featured_media":16470,"template":"","meta":{"_acf_changed":false,"_vp_format_video_url":"","_vp_image_focal_point":[]},"product_brand":[],"product_cat":[111,84],"product_tag":[],"class_list":{"0":"post-16469","1":"product","2":"type-product","3":"status-publish","4":"has-post-thumbnail","6":"product_cat-akcesoria-do-rozrzutnikow-obornika-pl-2","7":"product_cat-typ-b-pl","9":"first","10":"instock","11":"featured","12":"shipping-taxable","13":"product-type-simple"},"acf":[],"_links":{"self":[{"href":"https:\/\/www.dallai.it\/pl\/wp-json\/wp\/v2\/product\/16469","targetHints":{"allow":["GET"]}}],"collection":[{"href":"https:\/\/www.dallai.it\/pl\/wp-json\/wp\/v2\/product"}],"about":[{"href":"https:\/\/www.dallai.it\/pl\/wp-json\/wp\/v2\/types\/product"}],"wp:featuredmedia":[{"embeddable":true,"href":"https:\/\/www.dallai.it\/pl\/wp-json\/wp\/v2\/media\/16470"}],"wp:attachment":[{"href":"https:\/\/www.dallai.it\/pl\/wp-json\/wp\/v2\/media?parent=16469"}],"wp:term":[{"taxonomy":"product_brand","embeddable":true,"href":"https:\/\/www.dallai.it\/pl\/wp-json\/wp\/v2\/product_brand?post=16469"},{"taxonomy":"product_cat","embeddable":true,"href":"https:\/\/www.dallai.it\/pl\/wp-json\/wp\/v2\/product_cat?post=16469"},{"taxonomy":"product_tag","embeddable":true,"href":"https:\/\/www.dallai.it\/pl\/wp-json\/wp\/v2\/product_tag?post=16469"}],"curies":[{"name":"wp","href":"https:\/\/api.w.org\/{rel}","templated":true}]}}