{"id":16485,"date":"2024-04-05T09:29:23","date_gmt":"2024-04-05T09:29:23","guid":{"rendered":"https:\/\/www.dallai.it\/product\/art-0344c\/"},"modified":"2025-05-08T07:24:22","modified_gmt":"2025-05-08T07:24:22","slug":"art-0344c","status":"publish","type":"product","link":"https:\/\/www.dallai.it\/pl\/produktu\/art-0344c\/","title":{"rendered":"Kolanko Typ B"},"content":{"rendered":"<p>Dost\u0119pna \u015brednica:<\/p>\n<p>-108<\/p>\n<p>-133<\/p>\n<p>-159<\/p>\n<p>-194<\/p>\n","protected":false},"excerpt":{"rendered":"<p class=\"p1\">Kolanko 90\u00b0 ze sto\u017ckiem rozprowadzaj\u0105cym wod\u0119 i ocynkowanym \u017ce\u0144skim<\/p>\n","protected":false},"featured_media":16483,"template":"","meta":{"_acf_changed":false,"_vp_format_video_url":"","_vp_image_focal_point":[]},"product_brand":[],"product_cat":[111,84],"product_tag":[],"class_list":{"0":"post-16485","1":"product","2":"type-product","3":"status-publish","4":"has-post-thumbnail","6":"product_cat-akcesoria-do-rozrzutnikow-obornika-pl-2","7":"product_cat-typ-b-pl","9":"first","10":"instock","11":"featured","12":"shipping-taxable","13":"product-type-simple"},"acf":[],"_links":{"self":[{"href":"https:\/\/www.dallai.it\/pl\/wp-json\/wp\/v2\/product\/16485","targetHints":{"allow":["GET"]}}],"collection":[{"href":"https:\/\/www.dallai.it\/pl\/wp-json\/wp\/v2\/product"}],"about":[{"href":"https:\/\/www.dallai.it\/pl\/wp-json\/wp\/v2\/types\/product"}],"wp:featuredmedia":[{"embeddable":true,"href":"https:\/\/www.dallai.it\/pl\/wp-json\/wp\/v2\/media\/16483"}],"wp:attachment":[{"href":"https:\/\/www.dallai.it\/pl\/wp-json\/wp\/v2\/media?parent=16485"}],"wp:term":[{"taxonomy":"product_brand","embeddable":true,"href":"https:\/\/www.dallai.it\/pl\/wp-json\/wp\/v2\/product_brand?post=16485"},{"taxonomy":"product_cat","embeddable":true,"href":"https:\/\/www.dallai.it\/pl\/wp-json\/wp\/v2\/product_cat?post=16485"},{"taxonomy":"product_tag","embeddable":true,"href":"https:\/\/www.dallai.it\/pl\/wp-json\/wp\/v2\/product_tag?post=16485"}],"curies":[{"name":"wp","href":"https:\/\/api.w.org\/{rel}","templated":true}]}}