{"id":16513,"date":"2024-04-09T13:48:38","date_gmt":"2024-04-09T13:48:38","guid":{"rendered":"https:\/\/www.dallai.it\/product\/art-0182n\/"},"modified":"2025-05-08T07:42:42","modified_gmt":"2025-05-08T07:42:42","slug":"art-0182n","status":"publish","type":"product","link":"https:\/\/www.dallai.it\/pl\/produktu\/art-0182n\/","title":{"rendered":"Ko\u0142nierz Fittings"},"content":{"rendered":"<p>Dost\u0119pna \u015brednica:<\/p>\n<p>&#8211; 100<\/p>\n<p>&#8211; 120<\/p>\n<p>&#8211; 150<\/p>\n<p>&#8211; 200<\/p>\n","protected":false},"excerpt":{"rendered":"<p>*Ko\u0142nierz kwadratowy surowy <\/p>\n","protected":false},"featured_media":16514,"template":"","meta":{"_acf_changed":false,"_vp_format_video_url":"","_vp_image_focal_point":[]},"product_brand":[],"product_cat":[101,91],"product_tag":[],"class_list":{"0":"post-16513","1":"product","2":"type-product","3":"status-publish","4":"has-post-thumbnail","6":"product_cat-akcesoria","7":"product_cat-fittings-pl","9":"first","10":"instock","11":"shipping-taxable","12":"product-type-simple"},"acf":[],"_links":{"self":[{"href":"https:\/\/www.dallai.it\/pl\/wp-json\/wp\/v2\/product\/16513","targetHints":{"allow":["GET"]}}],"collection":[{"href":"https:\/\/www.dallai.it\/pl\/wp-json\/wp\/v2\/product"}],"about":[{"href":"https:\/\/www.dallai.it\/pl\/wp-json\/wp\/v2\/types\/product"}],"wp:featuredmedia":[{"embeddable":true,"href":"https:\/\/www.dallai.it\/pl\/wp-json\/wp\/v2\/media\/16514"}],"wp:attachment":[{"href":"https:\/\/www.dallai.it\/pl\/wp-json\/wp\/v2\/media?parent=16513"}],"wp:term":[{"taxonomy":"product_brand","embeddable":true,"href":"https:\/\/www.dallai.it\/pl\/wp-json\/wp\/v2\/product_brand?post=16513"},{"taxonomy":"product_cat","embeddable":true,"href":"https:\/\/www.dallai.it\/pl\/wp-json\/wp\/v2\/product_cat?post=16513"},{"taxonomy":"product_tag","embeddable":true,"href":"https:\/\/www.dallai.it\/pl\/wp-json\/wp\/v2\/product_tag?post=16513"}],"curies":[{"name":"wp","href":"https:\/\/api.w.org\/{rel}","templated":true}]}}