{"id":16579,"date":"2024-04-09T12:53:25","date_gmt":"2024-04-09T12:53:25","guid":{"rendered":"https:\/\/www.dallai.it\/product\/art-0608c-1\/"},"modified":"2025-05-08T08:13:55","modified_gmt":"2025-05-08T08:13:55","slug":"art-0608c-1","status":"publish","type":"product","link":"https:\/\/www.dallai.it\/pl\/produktu\/art-0608c-1\/","title":{"rendered":"Uchwyt w\u0119\u017ca Fittings"},"content":{"rendered":"<p>Dost\u0119pna \u015brednica:<\/p>\n<p>&#8211; 50<\/p>\n<p>&#8211; 60<\/p>\n<p>&#8211; 63<\/p>\n<p>&#8211; 70<\/p>\n<p>&#8211; 76<\/p>\n<p>&#8211; 80<\/p>\n<p>&#8211; 89<\/p>\n<p>&#8211; 100<\/p>\n<p>&#8211; 120<\/p>\n<p>&#8211; 150<\/p>\n","protected":false},"excerpt":{"rendered":"<p>Uchwyt w\u0119\u017ca &#8211; ocynkowany uchwyt w\u0119\u017ca typu D<\/p>\n","protected":false},"featured_media":16580,"template":"","meta":{"_acf_changed":false,"_vp_format_video_url":"","_vp_image_focal_point":[]},"product_brand":[],"product_cat":[101,91],"product_tag":[],"class_list":{"0":"post-16579","1":"product","2":"type-product","3":"status-publish","4":"has-post-thumbnail","6":"product_cat-akcesoria","7":"product_cat-fittings-pl","9":"first","10":"instock","11":"shipping-taxable","12":"product-type-simple"},"acf":[],"_links":{"self":[{"href":"https:\/\/www.dallai.it\/pl\/wp-json\/wp\/v2\/product\/16579","targetHints":{"allow":["GET"]}}],"collection":[{"href":"https:\/\/www.dallai.it\/pl\/wp-json\/wp\/v2\/product"}],"about":[{"href":"https:\/\/www.dallai.it\/pl\/wp-json\/wp\/v2\/types\/product"}],"wp:featuredmedia":[{"embeddable":true,"href":"https:\/\/www.dallai.it\/pl\/wp-json\/wp\/v2\/media\/16580"}],"wp:attachment":[{"href":"https:\/\/www.dallai.it\/pl\/wp-json\/wp\/v2\/media?parent=16579"}],"wp:term":[{"taxonomy":"product_brand","embeddable":true,"href":"https:\/\/www.dallai.it\/pl\/wp-json\/wp\/v2\/product_brand?post=16579"},{"taxonomy":"product_cat","embeddable":true,"href":"https:\/\/www.dallai.it\/pl\/wp-json\/wp\/v2\/product_cat?post=16579"},{"taxonomy":"product_tag","embeddable":true,"href":"https:\/\/www.dallai.it\/pl\/wp-json\/wp\/v2\/product_tag?post=16579"}],"curies":[{"name":"wp","href":"https:\/\/api.w.org\/{rel}","templated":true}]}}