{"id":16599,"date":"2024-04-09T15:15:05","date_gmt":"2024-04-09T15:15:05","guid":{"rendered":"https:\/\/www.dallai.it\/product\/art-1123x\/"},"modified":"2025-05-08T08:25:12","modified_gmt":"2025-05-08T08:25:12","slug":"art-1123x","status":"publish","type":"product","link":"https:\/\/www.dallai.it\/pl\/produktu\/art-1123x\/","title":{"rendered":"Gwint Inox"},"content":{"rendered":"<p>Dost\u0119pna \u015brednica:<\/p>\n<p>&#8211; 50&#215;11\/4\u201d<\/p>\n<p>&#8211; 50&#215;11\/2\u201d<\/p>\n<p>&#8211; 50&#215;2\u201d<\/p>\n<p>&#8211; 60&#215;2\u201d<\/p>\n<p>&#8211; 80&#215;2\u201d<\/p>\n<p>&#8211; 80&#215;21\/2\u201d<\/p>\n<p>&#8211; 80&#215;3\u201d<\/p>\n<p>&#8211; 100&#215;21\/2\u201d<\/p>\n<p>&#8211; 100&#215;3\u201d<\/p>\n<p>&#8211; 100&#215;4\u201d<\/p>\n<p>&#8211; 100&#215;6\u201d<\/p>\n<p>&#8211; 120&#215;4\u201d<\/p>\n<p>&#8211; 120&#215;5\u201d<\/p>\n<p>&#8211; 150&#215;6\u201d<\/p>\n","protected":false},"excerpt":{"rendered":"<p>M\u0119ski z pier\u015bcieniem z gwintowanym kr\u00f3\u0107cem \u201eGAS\/BSPP\u201di pokryw\u0105 gwintowan\u0105<\/p>\n","protected":false},"featured_media":16600,"template":"","meta":{"_acf_changed":false,"_vp_format_video_url":"","_vp_image_focal_point":[]},"product_brand":[],"product_cat":[134,95],"product_tag":[],"class_list":{"0":"post-16599","1":"product","2":"type-product","3":"status-publish","4":"has-post-thumbnail","6":"product_cat-typ-d-pl","7":"product_cat-nierdzewny-pl-2","9":"first","10":"instock","11":"shipping-taxable","12":"product-type-simple"},"acf":[],"_links":{"self":[{"href":"https:\/\/www.dallai.it\/pl\/wp-json\/wp\/v2\/product\/16599","targetHints":{"allow":["GET"]}}],"collection":[{"href":"https:\/\/www.dallai.it\/pl\/wp-json\/wp\/v2\/product"}],"about":[{"href":"https:\/\/www.dallai.it\/pl\/wp-json\/wp\/v2\/types\/product"}],"wp:featuredmedia":[{"embeddable":true,"href":"https:\/\/www.dallai.it\/pl\/wp-json\/wp\/v2\/media\/16600"}],"wp:attachment":[{"href":"https:\/\/www.dallai.it\/pl\/wp-json\/wp\/v2\/media?parent=16599"}],"wp:term":[{"taxonomy":"product_brand","embeddable":true,"href":"https:\/\/www.dallai.it\/pl\/wp-json\/wp\/v2\/product_brand?post=16599"},{"taxonomy":"product_cat","embeddable":true,"href":"https:\/\/www.dallai.it\/pl\/wp-json\/wp\/v2\/product_cat?post=16599"},{"taxonomy":"product_tag","embeddable":true,"href":"https:\/\/www.dallai.it\/pl\/wp-json\/wp\/v2\/product_tag?post=16599"}],"curies":[{"name":"wp","href":"https:\/\/api.w.org\/{rel}","templated":true}]}}