{"id":16616,"date":"2024-04-09T12:16:28","date_gmt":"2024-04-09T12:16:28","guid":{"rendered":"https:\/\/www.dallai.it\/product\/art-0603c-3\/"},"modified":"2025-05-08T08:37:13","modified_gmt":"2025-05-08T08:37:13","slug":"art-0603c-3","status":"publish","type":"product","link":"https:\/\/www.dallai.it\/pl\/produktu\/art-0603c-3\/","title":{"rendered":"Ko\u0142nierz Fittings"},"content":{"rendered":"<p>Dost\u0119pna \u015brednica:<\/p>\n<p>&#8211; 50&#215;2\u201d<\/p>\n<p>&#8211; 63&#215;2\u201d<\/p>\n<p>&#8211; 76&#215;3\u201d<\/p>\n<p>&#8211; 100&#215;4\u201d<\/p>\n<p>&#8211; 120&#215;5&#8243;<\/p>\n<p>&#8211; 150&#215;6&#8243;<\/p>\n<p>&#8211; 200&#215;8\u201d<\/p>\n<p>&#8211; 250&#215;10\u201d<\/p>\n<p>&#8211; 300&#215;12\u201d<\/p>\n","protected":false},"excerpt":{"rendered":"<p>UUchwyt w\u0119\u017ca typu B z ko\u0142nierzem *BS10 Tab.zredukowana ocynkowany<\/p>\n","protected":false},"featured_media":16617,"template":"","meta":{"_acf_changed":false,"_vp_format_video_url":"","_vp_image_focal_point":[]},"product_brand":[],"product_cat":[101,91],"product_tag":[],"class_list":{"0":"post-16616","1":"product","2":"type-product","3":"status-publish","4":"has-post-thumbnail","6":"product_cat-akcesoria","7":"product_cat-fittings-pl","9":"first","10":"instock","11":"shipping-taxable","12":"product-type-simple"},"acf":[],"_links":{"self":[{"href":"https:\/\/www.dallai.it\/pl\/wp-json\/wp\/v2\/product\/16616","targetHints":{"allow":["GET"]}}],"collection":[{"href":"https:\/\/www.dallai.it\/pl\/wp-json\/wp\/v2\/product"}],"about":[{"href":"https:\/\/www.dallai.it\/pl\/wp-json\/wp\/v2\/types\/product"}],"wp:featuredmedia":[{"embeddable":true,"href":"https:\/\/www.dallai.it\/pl\/wp-json\/wp\/v2\/media\/16617"}],"wp:attachment":[{"href":"https:\/\/www.dallai.it\/pl\/wp-json\/wp\/v2\/media?parent=16616"}],"wp:term":[{"taxonomy":"product_brand","embeddable":true,"href":"https:\/\/www.dallai.it\/pl\/wp-json\/wp\/v2\/product_brand?post=16616"},{"taxonomy":"product_cat","embeddable":true,"href":"https:\/\/www.dallai.it\/pl\/wp-json\/wp\/v2\/product_cat?post=16616"},{"taxonomy":"product_tag","embeddable":true,"href":"https:\/\/www.dallai.it\/pl\/wp-json\/wp\/v2\/product_tag?post=16616"}],"curies":[{"name":"wp","href":"https:\/\/api.w.org\/{rel}","templated":true}]}}