{"id":16642,"date":"2024-04-09T10:43:37","date_gmt":"2024-04-09T10:43:37","guid":{"rendered":"https:\/\/www.dallai.it\/product\/art-0602c-1\/"},"modified":"2025-05-08T08:49:21","modified_gmt":"2025-05-08T08:49:21","slug":"art-0602c-1","status":"publish","type":"product","link":"https:\/\/www.dallai.it\/pl\/produktu\/art-0602c-1\/","title":{"rendered":"Gwint Fittings"},"content":{"rendered":"<p>Dost\u0119pna \u015brednica:<\/p>\n<p>&#8211; 60&#215;2\u201d<\/p>\n<p>&#8211; 80&#215;3\u201d<\/p>\n<p>&#8211; 80&#215;3 1\/2\u201d<\/p>\n<p>&#8211; 100&#215;3\u201d<\/p>\n<p>&#8211; 100&#215;3 1\/2\u201d<\/p>\n<p>&#8211; 100&#215;4\u201d<\/p>\n<p>&#8211; 120&#215;5\u201d<\/p>\n<p>&#8211; 150&#215;6<\/p>\n","protected":false},"excerpt":{"rendered":"<p>Uchwyt w\u0119\u017ca typu D z ocynkowanym kr\u00f3\u0107cem gwintowanym \u201eGAZ\u201d i pokryw\u0105 gwintowan\u0105<\/p>\n","protected":false},"featured_media":16644,"template":"","meta":{"_acf_changed":false,"_vp_format_video_url":"","_vp_image_focal_point":[]},"product_brand":[],"product_cat":[101,91],"product_tag":[],"class_list":{"0":"post-16642","1":"product","2":"type-product","3":"status-publish","4":"has-post-thumbnail","6":"product_cat-akcesoria","7":"product_cat-fittings-pl","9":"first","10":"instock","11":"shipping-taxable","12":"product-type-simple"},"acf":[],"_links":{"self":[{"href":"https:\/\/www.dallai.it\/pl\/wp-json\/wp\/v2\/product\/16642","targetHints":{"allow":["GET"]}}],"collection":[{"href":"https:\/\/www.dallai.it\/pl\/wp-json\/wp\/v2\/product"}],"about":[{"href":"https:\/\/www.dallai.it\/pl\/wp-json\/wp\/v2\/types\/product"}],"wp:featuredmedia":[{"embeddable":true,"href":"https:\/\/www.dallai.it\/pl\/wp-json\/wp\/v2\/media\/16644"}],"wp:attachment":[{"href":"https:\/\/www.dallai.it\/pl\/wp-json\/wp\/v2\/media?parent=16642"}],"wp:term":[{"taxonomy":"product_brand","embeddable":true,"href":"https:\/\/www.dallai.it\/pl\/wp-json\/wp\/v2\/product_brand?post=16642"},{"taxonomy":"product_cat","embeddable":true,"href":"https:\/\/www.dallai.it\/pl\/wp-json\/wp\/v2\/product_cat?post=16642"},{"taxonomy":"product_tag","embeddable":true,"href":"https:\/\/www.dallai.it\/pl\/wp-json\/wp\/v2\/product_tag?post=16642"}],"curies":[{"name":"wp","href":"https:\/\/api.w.org\/{rel}","templated":true}]}}