{"id":16687,"date":"2024-04-09T07:21:54","date_gmt":"2024-04-09T07:21:54","guid":{"rendered":"https:\/\/www.dallai.it\/product\/art-0122c-gas\/"},"modified":"2025-05-08T09:19:46","modified_gmt":"2025-05-08T09:19:46","slug":"art-0122c-gas","status":"publish","type":"product","link":"https:\/\/www.dallai.it\/pl\/produktu\/art-0122c-gas\/","title":{"rendered":"Gwint Typ D"},"content":{"rendered":"<p>Dost\u0119pna \u015brednica:<\/p>\n<p>&#8211; 50&#215;1 1\/2\u201d<\/p>\n<p>&#8211; 60&#215;1<\/p>\n<p>&#8211; 60&#215;1 1\/4\u201d<\/p>\n<p>&#8211; 60&#215;1 1\/2\u201d<\/p>\n<p>&#8211; 60&#215;2\u201d<\/p>\n<p>&#8211; 60&#215;2 1\/2\u201d<\/p>\n<p>&#8211; 80&#215;1\u201d<\/p>\n<p>&#8211; 80&#215;1 1\/4\u201d<\/p>\n<p>&#8211; 80&#215;1 1\/2\u201d<\/p>\n<p>&#8211; 80&#215;2\u201d<\/p>\n<p>&#8211; 80&#215;2 1\/2\u201d<\/p>\n<p>&#8211; 80&#215;3\u201d<\/p>\n<p>&#8211; 80&#215;3 1\/2\u201d<\/p>\n<p>&#8211; 80&#215;4\u201d<\/p>\n<p>&#8211; 100&#215;1\u201d<\/p>\n<p>&#8211; 100&#215;1 1\/4\u201d<\/p>\n<p>&#8211; 100&#215;1 1\/2\u201d<\/p>\n<p>&#8211; 100&#215;2\u201d<\/p>\n<p>&#8211; 100&#215;2 1\/2\u201d<\/p>\n<p>&#8211; 100&#215;3\u201d<\/p>\n<p>&#8211; 100&#215;3 1\/2\u201d<\/p>\n<p>&#8211; 100&#215;4\u201d<\/p>\n<p>&#8211; 120&#215;2 1\/2\u201d<\/p>\n<p>&#8211; 120&#215;3\u201d<\/p>\n<p>&#8211; 120&#215;4\u201d<\/p>\n<p>&#8211; 120&#215;5\u201d<\/p>\n<p>&#8211; 150&#215;1 1\/2\u201d<\/p>\n<p>&#8211; 150&#215;2\u201d<\/p>\n<p>&#8211; 150&#215;2 1\/2\u201d<\/p>\n<p>&#8211; 150&#215;3\u201d<\/p>\n<p>&#8211; 150&#215;4\u201d<\/p>\n<p>&#8211; 150&#215;5\u201d<\/p>\n<p>&#8211; 150&#215;6\u201d<\/p>\n","protected":false},"excerpt":{"rendered":"<p>M\u0119ski z pier\u015bcieniem z ocynkowanym kr\u00f3\u0107cem gwintowanym \u201eGAZ\/BSTP\u201d i pokryw\u0105 gwintowan\u0105 <\/p>\n","protected":false},"featured_media":16688,"template":"","meta":{"_acf_changed":false,"_vp_format_video_url":"","_vp_image_focal_point":[]},"product_brand":[],"product_cat":[134,140],"product_tag":[],"class_list":{"0":"post-16687","1":"product","2":"type-product","3":"status-publish","4":"has-post-thumbnail","6":"product_cat-typ-d-pl","7":"product_cat-zlacza-sferyczne-pl-4-typ-d-pl","9":"first","10":"instock","11":"shipping-taxable","12":"product-type-simple"},"acf":[],"_links":{"self":[{"href":"https:\/\/www.dallai.it\/pl\/wp-json\/wp\/v2\/product\/16687","targetHints":{"allow":["GET"]}}],"collection":[{"href":"https:\/\/www.dallai.it\/pl\/wp-json\/wp\/v2\/product"}],"about":[{"href":"https:\/\/www.dallai.it\/pl\/wp-json\/wp\/v2\/types\/product"}],"wp:featuredmedia":[{"embeddable":true,"href":"https:\/\/www.dallai.it\/pl\/wp-json\/wp\/v2\/media\/16688"}],"wp:attachment":[{"href":"https:\/\/www.dallai.it\/pl\/wp-json\/wp\/v2\/media?parent=16687"}],"wp:term":[{"taxonomy":"product_brand","embeddable":true,"href":"https:\/\/www.dallai.it\/pl\/wp-json\/wp\/v2\/product_brand?post=16687"},{"taxonomy":"product_cat","embeddable":true,"href":"https:\/\/www.dallai.it\/pl\/wp-json\/wp\/v2\/product_cat?post=16687"},{"taxonomy":"product_tag","embeddable":true,"href":"https:\/\/www.dallai.it\/pl\/wp-json\/wp\/v2\/product_tag?post=16687"}],"curies":[{"name":"wp","href":"https:\/\/api.w.org\/{rel}","templated":true}]}}