{"id":16691,"date":"2024-04-09T07:14:35","date_gmt":"2024-04-09T07:14:35","guid":{"rendered":"https:\/\/www.dallai.it\/product\/art-0151c\/"},"modified":"2025-05-08T09:21:07","modified_gmt":"2025-05-08T09:21:07","slug":"art-0151c","status":"publish","type":"product","link":"https:\/\/www.dallai.it\/pl\/produktu\/art-0151c\/","title":{"rendered":"Gwint Typ D"},"content":{"rendered":"<p>Dost\u0119pna \u015brednica:<\/p>\n<p>&#8211; 60&#215;63<\/p>\n<p>&#8211; 80&#215;75<\/p>\n<p>&#8211; 80&#215;90<\/p>\n<p>&#8211; 100&#215;75<\/p>\n<p>&#8211; 100&#215;90<\/p>\n<p>&#8211; 100&#215;110<\/p>\n<p>&#8211; 120&#215;110<\/p>\n<p>&#8211; 120&#215;125<\/p>\n<p>&#8211; 150&#215;160<\/p>\n","protected":false},"excerpt":{"rendered":"<p>\u017be\u0144ski z wewn\u0119trznym ocynkowanym wpustem<\/p>\n","protected":false},"featured_media":16692,"template":"","meta":{"_acf_changed":false,"_vp_format_video_url":"","_vp_image_focal_point":[]},"product_brand":[],"product_cat":[134,140],"product_tag":[],"class_list":{"0":"post-16691","1":"product","2":"type-product","3":"status-publish","4":"has-post-thumbnail","6":"product_cat-typ-d-pl","7":"product_cat-zlacza-sferyczne-pl-4-typ-d-pl","9":"first","10":"instock","11":"shipping-taxable","12":"product-type-simple"},"acf":[],"_links":{"self":[{"href":"https:\/\/www.dallai.it\/pl\/wp-json\/wp\/v2\/product\/16691","targetHints":{"allow":["GET"]}}],"collection":[{"href":"https:\/\/www.dallai.it\/pl\/wp-json\/wp\/v2\/product"}],"about":[{"href":"https:\/\/www.dallai.it\/pl\/wp-json\/wp\/v2\/types\/product"}],"wp:featuredmedia":[{"embeddable":true,"href":"https:\/\/www.dallai.it\/pl\/wp-json\/wp\/v2\/media\/16692"}],"wp:attachment":[{"href":"https:\/\/www.dallai.it\/pl\/wp-json\/wp\/v2\/media?parent=16691"}],"wp:term":[{"taxonomy":"product_brand","embeddable":true,"href":"https:\/\/www.dallai.it\/pl\/wp-json\/wp\/v2\/product_brand?post=16691"},{"taxonomy":"product_cat","embeddable":true,"href":"https:\/\/www.dallai.it\/pl\/wp-json\/wp\/v2\/product_cat?post=16691"},{"taxonomy":"product_tag","embeddable":true,"href":"https:\/\/www.dallai.it\/pl\/wp-json\/wp\/v2\/product_tag?post=16691"}],"curies":[{"name":"wp","href":"https:\/\/api.w.org\/{rel}","templated":true}]}}